{"id":9876,"date":"2025-11-21T17:32:10","date_gmt":"2025-11-21T14:32:10","guid":{"rendered":"https:\/\/www.yetkinbayer.com\/?page_id=9876"},"modified":"2025-11-21T17:32:10","modified_gmt":"2025-11-21T14:32:10","slug":"cilt-leke-acma-bakimlari","status":"publish","type":"page","link":"https:\/\/www.yetkinbayer.com\/tr\/medikal-estetik\/cilt-leke-acma-bakimlari\/","title":{"rendered":"Cilt Leke A\u00e7ma Bak\u0131mlar\u0131"},"content":{"rendered":"","protected":false},"excerpt":{"rendered":"","protected":false},"author":1,"featured_media":0,"parent":8418,"menu_order":0,"comment_status":"closed","ping_status":"closed","template":"","meta":{"footnotes":""},"class_list":["post-9876","page","type-page","status-publish","hentry"],"_links":{"self":[{"href":"https:\/\/www.yetkinbayer.com\/tr\/wp-json\/wp\/v2\/pages\/9876","targetHints":{"allow":["GET"]}}],"collection":[{"href":"https:\/\/www.yetkinbayer.com\/tr\/wp-json\/wp\/v2\/pages"}],"about":[{"href":"https:\/\/www.yetkinbayer.com\/tr\/wp-json\/wp\/v2\/types\/page"}],"author":[{"embeddable":true,"href":"https:\/\/www.yetkinbayer.com\/tr\/wp-json\/wp\/v2\/users\/1"}],"replies":[{"embeddable":true,"href":"https:\/\/www.yetkinbayer.com\/tr\/wp-json\/wp\/v2\/comments?post=9876"}],"version-history":[{"count":2,"href":"https:\/\/www.yetkinbayer.com\/tr\/wp-json\/wp\/v2\/pages\/9876\/revisions"}],"predecessor-version":[{"id":9889,"href":"https:\/\/www.yetkinbayer.com\/tr\/wp-json\/wp\/v2\/pages\/9876\/revisions\/9889"}],"up":[{"embeddable":true,"href":"https:\/\/www.yetkinbayer.com\/tr\/wp-json\/wp\/v2\/pages\/8418"}],"wp:attachment":[{"href":"https:\/\/www.yetkinbayer.com\/tr\/wp-json\/wp\/v2\/media?parent=9876"}],"curies":[{"name":"wp","href":"https:\/\/api.w.org\/{rel}","templated":true}]}}