{"id":9874,"date":"2025-11-21T17:31:35","date_gmt":"2025-11-21T14:31:35","guid":{"rendered":"https:\/\/www.yetkinbayer.com\/?page_id=9874"},"modified":"2025-11-21T17:31:35","modified_gmt":"2025-11-21T14:31:35","slug":"cilt-genclestirme-ve-cilt-germe-bakimlari-programlari","status":"publish","type":"page","link":"https:\/\/www.yetkinbayer.com\/tr\/medikal-estetik\/cilt-genclestirme-ve-cilt-germe-bakimlari-programlari\/","title":{"rendered":"Cilt Gen\u00e7le\u015ftirme ve Cilt Germe Bak\u0131mlar\u0131 &#038; Programlar\u0131"},"content":{"rendered":"","protected":false},"excerpt":{"rendered":"","protected":false},"author":1,"featured_media":0,"parent":8418,"menu_order":0,"comment_status":"closed","ping_status":"closed","template":"","meta":{"footnotes":""},"class_list":["post-9874","page","type-page","status-publish","hentry"],"_links":{"self":[{"href":"https:\/\/www.yetkinbayer.com\/tr\/wp-json\/wp\/v2\/pages\/9874","targetHints":{"allow":["GET"]}}],"collection":[{"href":"https:\/\/www.yetkinbayer.com\/tr\/wp-json\/wp\/v2\/pages"}],"about":[{"href":"https:\/\/www.yetkinbayer.com\/tr\/wp-json\/wp\/v2\/types\/page"}],"author":[{"embeddable":true,"href":"https:\/\/www.yetkinbayer.com\/tr\/wp-json\/wp\/v2\/users\/1"}],"replies":[{"embeddable":true,"href":"https:\/\/www.yetkinbayer.com\/tr\/wp-json\/wp\/v2\/comments?post=9874"}],"version-history":[{"count":2,"href":"https:\/\/www.yetkinbayer.com\/tr\/wp-json\/wp\/v2\/pages\/9874\/revisions"}],"predecessor-version":[{"id":9888,"href":"https:\/\/www.yetkinbayer.com\/tr\/wp-json\/wp\/v2\/pages\/9874\/revisions\/9888"}],"up":[{"embeddable":true,"href":"https:\/\/www.yetkinbayer.com\/tr\/wp-json\/wp\/v2\/pages\/8418"}],"wp:attachment":[{"href":"https:\/\/www.yetkinbayer.com\/tr\/wp-json\/wp\/v2\/media?parent=9874"}],"curies":[{"name":"wp","href":"https:\/\/api.w.org\/{rel}","templated":true}]}}