{"id":9611,"date":"2025-10-25T11:34:47","date_gmt":"2025-10-25T08:34:47","guid":{"rendered":"https:\/\/www.yetkinbayer.com\/resmi-yetkili-egitim-merkezi\/"},"modified":"2025-10-25T11:34:47","modified_gmt":"2025-10-25T08:34:47","slug":"resmi-yetkili-egitim-merkezi","status":"publish","type":"page","link":"https:\/\/www.yetkinbayer.com\/tr\/resmi-yetkili-egitim-merkezi\/","title":{"rendered":"Resmi Yetkili E\u011fitim Merkezi"},"content":{"rendered":"<article class=\"text-token-text-primary w-full focus:outline-none [--shadow-height:45px] has-data-writing-block:pointer-events-none has-data-writing-block:-mt-(--shadow-height) has-data-writing-block:pt-(--shadow-height) [&amp;:has([data-writing-block])&gt;*]:pointer-events-auto [content-visibility:auto] supports-[content-visibility:auto]:[contain-intrinsic-size:auto_100lvh] scroll-mt-[calc(var(--header-height)+min(200px,max(70px,20svh)))]\" dir=\"auto\" tabindex=\"-1\" data-turn-id=\"request-WEB:345fbcea-5072-4d19-a02a-7eb7ccab0633-0\" data-testid=\"conversation-turn-2\" data-scroll-anchor=\"true\" data-turn=\"assistant\">\n<div class=\"text-base my-auto mx-auto pb-10 [--thread-content-margin:--spacing(4)] thread-sm:[--thread-content-margin:--spacing(6)] thread-lg:[--thread-content-margin:--spacing(16)] px-(--thread-content-margin)\">\n<div class=\"[--thread-content-max-width:40rem] thread-lg:[--thread-content-max-width:48rem] mx-auto max-w-(--thread-content-max-width) flex-1 group\/turn-messages focus-visible:outline-hidden relative flex w-full min-w-0 flex-col agent-turn\" tabindex=\"-1\">\n<div class=\"flex max-w-full flex-col grow\">\n<div class=\"min-h-8 text-message relative flex w-full flex-col items-end gap-2 text-start break-words whitespace-normal [.text-message+&amp;]:mt-1\" dir=\"auto\" data-message-author-role=\"assistant\" data-message-id=\"753b70fa-efdb-4829-a54e-e6877ad9d97b\" data-message-model-slug=\"gpt-5\">\n<div class=\"flex w-full flex-col gap-1 empty:hidden first:pt-[1px]\">\n<div class=\"markdown prose dark:prose-invert w-full break-words dark markdown-new-styling\">\n<p data-start=\"0\" data-end=\"163\">Dr. Yetkin Bayer Klinikleri olarak, T.C. Sa\u011fl\u0131k Bakanl\u0131\u011f\u0131 taraf\u0131ndan <strong data-start=\"69\" data-end=\"121\">resm\u00ee olarak yetkilendirilmi\u015f bir e\u011fitim merkezi<\/strong> haline geldi\u011fimizi gururla duyuruyoruz.<\/p>\n<p data-start=\"165\" data-end=\"313\">Bu kapsamda, <strong data-start=\"178\" data-end=\"290\">hekimlere \u00f6zel olarak tasarlanm\u0131\u015f Sa\u00e7 Ekimi ve Medikal Estetik alanlar\u0131ndaki kapsaml\u0131 e\u011fitim programlar\u0131m\u0131z\u0131<\/strong> resmen ba\u015flat\u0131yoruz.<\/p>\n<p data-start=\"315\" data-end=\"559\">Kliniklerimizde ger\u00e7ekle\u015ftirilecek bu e\u011fitim programlar\u0131; teorik bilgi, pratik uygulama ve ileri teknikleri bir araya getirerek kat\u0131l\u0131mc\u0131lara <strong data-start=\"457\" data-end=\"544\">uzman e\u011fitmenlerimizin rehberli\u011finde uluslararas\u0131 standartlarda bir e\u011fitim deneyimi<\/strong> sunmaktad\u0131r.<\/p>\n<p data-start=\"561\" data-end=\"751\" data-is-last-node=\"\" data-is-only-node=\"\">Sa\u011fl\u0131k Bakanl\u0131\u011f\u0131 onayl\u0131 bu programlar, hekimlerin bilgi, beceri ve yetkinliklerini geli\u015ftirmeyi ama\u00e7lamaktad\u0131r.<br data-start=\"672\" data-end=\"675\" \/>E\u011fitimi ba\u015far\u0131yla tamamlayan kat\u0131l\u0131mc\u0131lara <strong data-start=\"718\" data-end=\"737\">resm\u00ee sertifika<\/strong> verilecektir.<\/p>\n<\/div>\n<\/div>\n<\/div>\n<\/div>\n<\/div>\n<\/div>\n<\/article>\n","protected":false},"excerpt":{"rendered":"<p>Dr. Yetkin Bayer Klinikleri olarak, T.C. Sa\u011fl\u0131k Bakanl\u0131\u011f\u0131 taraf\u0131ndan resm\u00ee olarak yetkilendirilmi\u015f bir e\u011fitim merkezi haline geldi\u011fimizi gururla duyuruyoruz. Bu kapsamda, hekimlere \u00f6zel olarak tasarlanm\u0131\u015f Sa\u00e7 Ekimi ve Medikal Estetik alanlar\u0131ndaki kapsaml\u0131 e\u011fitim programlar\u0131m\u0131z\u0131 resmen ba\u015flat\u0131yoruz. Kliniklerimizde ger\u00e7ekle\u015ftirilecek bu e\u011fitim programlar\u0131; teorik bilgi, pratik uygulama ve ileri teknikleri bir araya getirerek kat\u0131l\u0131mc\u0131lara uzman e\u011fitmenlerimizin rehberli\u011finde [&hellip;]<\/p>\n","protected":false},"author":1,"featured_media":0,"parent":0,"menu_order":0,"comment_status":"closed","ping_status":"closed","template":"","meta":{"footnotes":""},"class_list":["post-9611","page","type-page","status-publish","hentry"],"_links":{"self":[{"href":"https:\/\/www.yetkinbayer.com\/tr\/wp-json\/wp\/v2\/pages\/9611","targetHints":{"allow":["GET"]}}],"collection":[{"href":"https:\/\/www.yetkinbayer.com\/tr\/wp-json\/wp\/v2\/pages"}],"about":[{"href":"https:\/\/www.yetkinbayer.com\/tr\/wp-json\/wp\/v2\/types\/page"}],"author":[{"embeddable":true,"href":"https:\/\/www.yetkinbayer.com\/tr\/wp-json\/wp\/v2\/users\/1"}],"replies":[{"embeddable":true,"href":"https:\/\/www.yetkinbayer.com\/tr\/wp-json\/wp\/v2\/comments?post=9611"}],"version-history":[{"count":0,"href":"https:\/\/www.yetkinbayer.com\/tr\/wp-json\/wp\/v2\/pages\/9611\/revisions"}],"wp:attachment":[{"href":"https:\/\/www.yetkinbayer.com\/tr\/wp-json\/wp\/v2\/media?parent=9611"}],"curies":[{"name":"wp","href":"https:\/\/api.w.org\/{rel}","templated":true}]}}