{"id":8418,"date":"2025-05-09T11:36:17","date_gmt":"2025-05-09T08:36:17","guid":{"rendered":"https:\/\/www.yetkinbayer.com\/?page_id=8418"},"modified":"2025-05-13T16:16:20","modified_gmt":"2025-05-13T13:16:20","slug":"medikal-estetik","status":"publish","type":"page","link":"https:\/\/www.yetkinbayer.com\/tr\/medikal-estetik\/","title":{"rendered":"Medikal Estetik"},"content":{"rendered":"\n<div class=\"wp-block-query is-layout-flow wp-block-query-is-layout-flow\"><ul style=\"background-color:#f9f9f9;\" class=\"columns-3 wp-block-post-template has-background has-medium-font-size is-layout-grid wp-container-core-post-template-is-layout-2f3213d7 wp-block-post-template-is-layout-grid\"><li class=\"wp-block-post post-9884 page type-page status-publish hentry\">\n\n<figure class=\"wp-block-image size-full\"><img loading=\"lazy\" decoding=\"async\" width=\"800\" height=\"300\" src=\"https:\/\/www.yetkinbayer.com\/wp-content\/uploads\/2025\/04\/marco-carta-e-un-trapianto-di-capelli-674457ac20b65.webp\" alt=\"\" class=\"wp-image-5140\" srcset=\"https:\/\/www.yetkinbayer.com\/wp-content\/uploads\/2025\/04\/marco-carta-e-un-trapianto-di-capelli-674457ac20b65.webp 800w, https:\/\/www.yetkinbayer.com\/wp-content\/uploads\/2025\/04\/marco-carta-e-un-trapianto-di-capelli-674457ac20b65-300x113.webp 300w, https:\/\/www.yetkinbayer.com\/wp-content\/uploads\/2025\/04\/marco-carta-e-un-trapianto-di-capelli-674457ac20b65-768x288.webp 768w\" sizes=\"auto, (max-width: 800px) 100vw, 800px\" \/><\/figure>\n\n\n\n<div class=\"wp-block-group is-nowrap is-layout-flex wp-container-core-group-is-layout-51e859fb wp-block-group-is-layout-flex\" style=\"padding-top:30px;padding-right:30px;padding-bottom:30px;padding-left:30px\">\n<div class=\"wp-block-group is-nowrap is-layout-flex wp-container-core-group-is-layout-64989fb1 wp-block-group-is-layout-flex\"><h2 class=\"wp-block-post-title\"><a href=\"https:\/\/www.yetkinbayer.com\/tr\/medikal-estetik\/epilasyon\/\" target=\"_self\" >Epilasyon<\/a><\/h2><\/div>\n<\/div>\n\n<\/li><li class=\"wp-block-post post-9882 page type-page status-publish hentry\">\n\n<figure class=\"wp-block-image size-full\"><img loading=\"lazy\" decoding=\"async\" width=\"800\" height=\"300\" src=\"https:\/\/www.yetkinbayer.com\/wp-content\/uploads\/2025\/04\/marco-carta-e-un-trapianto-di-capelli-674457ac20b65.webp\" alt=\"\" class=\"wp-image-5140\" srcset=\"https:\/\/www.yetkinbayer.com\/wp-content\/uploads\/2025\/04\/marco-carta-e-un-trapianto-di-capelli-674457ac20b65.webp 800w, https:\/\/www.yetkinbayer.com\/wp-content\/uploads\/2025\/04\/marco-carta-e-un-trapianto-di-capelli-674457ac20b65-300x113.webp 300w, https:\/\/www.yetkinbayer.com\/wp-content\/uploads\/2025\/04\/marco-carta-e-un-trapianto-di-capelli-674457ac20b65-768x288.webp 768w\" sizes=\"auto, (max-width: 800px) 100vw, 800px\" \/><\/figure>\n\n\n\n<div class=\"wp-block-group is-nowrap is-layout-flex wp-container-core-group-is-layout-51e859fb wp-block-group-is-layout-flex\" style=\"padding-top:30px;padding-right:30px;padding-bottom:30px;padding-left:30px\">\n<div class=\"wp-block-group is-nowrap is-layout-flex wp-container-core-group-is-layout-64989fb1 wp-block-group-is-layout-flex\"><h2 class=\"wp-block-post-title\"><a href=\"https:\/\/www.yetkinbayer.com\/tr\/medikal-estetik\/bolgesel-incelme\/\" target=\"_self\" >B\u00f6lgesel \u0130ncelme<\/a><\/h2><\/div>\n<\/div>\n\n<\/li><li class=\"wp-block-post post-9880 page type-page status-publish hentry\">\n\n<figure class=\"wp-block-image size-full\"><img loading=\"lazy\" decoding=\"async\" width=\"800\" height=\"300\" src=\"https:\/\/www.yetkinbayer.com\/wp-content\/uploads\/2025\/04\/marco-carta-e-un-trapianto-di-capelli-674457ac20b65.webp\" alt=\"\" class=\"wp-image-5140\" srcset=\"https:\/\/www.yetkinbayer.com\/wp-content\/uploads\/2025\/04\/marco-carta-e-un-trapianto-di-capelli-674457ac20b65.webp 800w, https:\/\/www.yetkinbayer.com\/wp-content\/uploads\/2025\/04\/marco-carta-e-un-trapianto-di-capelli-674457ac20b65-300x113.webp 300w, https:\/\/www.yetkinbayer.com\/wp-content\/uploads\/2025\/04\/marco-carta-e-un-trapianto-di-capelli-674457ac20b65-768x288.webp 768w\" sizes=\"auto, (max-width: 800px) 100vw, 800px\" \/><\/figure>\n\n\n\n<div class=\"wp-block-group is-nowrap is-layout-flex wp-container-core-group-is-layout-51e859fb wp-block-group-is-layout-flex\" style=\"padding-top:30px;padding-right:30px;padding-bottom:30px;padding-left:30px\">\n<div class=\"wp-block-group is-nowrap is-layout-flex wp-container-core-group-is-layout-64989fb1 wp-block-group-is-layout-flex\"><h2 class=\"wp-block-post-title\"><a href=\"https:\/\/www.yetkinbayer.com\/tr\/medikal-estetik\/boyun-ve-cene-bakimlari\/\" target=\"_self\" >Boyun ve \u00c7ene Bak\u0131mlar\u0131<\/a><\/h2><\/div>\n<\/div>\n\n<\/li><li class=\"wp-block-post post-9878 page type-page status-publish hentry\">\n\n<figure class=\"wp-block-image size-full\"><img loading=\"lazy\" decoding=\"async\" width=\"800\" height=\"300\" src=\"https:\/\/www.yetkinbayer.com\/wp-content\/uploads\/2025\/04\/marco-carta-e-un-trapianto-di-capelli-674457ac20b65.webp\" alt=\"\" class=\"wp-image-5140\" srcset=\"https:\/\/www.yetkinbayer.com\/wp-content\/uploads\/2025\/04\/marco-carta-e-un-trapianto-di-capelli-674457ac20b65.webp 800w, https:\/\/www.yetkinbayer.com\/wp-content\/uploads\/2025\/04\/marco-carta-e-un-trapianto-di-capelli-674457ac20b65-300x113.webp 300w, https:\/\/www.yetkinbayer.com\/wp-content\/uploads\/2025\/04\/marco-carta-e-un-trapianto-di-capelli-674457ac20b65-768x288.webp 768w\" sizes=\"auto, (max-width: 800px) 100vw, 800px\" \/><\/figure>\n\n\n\n<div class=\"wp-block-group is-nowrap is-layout-flex wp-container-core-group-is-layout-51e859fb wp-block-group-is-layout-flex\" style=\"padding-top:30px;padding-right:30px;padding-bottom:30px;padding-left:30px\">\n<div class=\"wp-block-group is-nowrap is-layout-flex wp-container-core-group-is-layout-64989fb1 wp-block-group-is-layout-flex\"><h2 class=\"wp-block-post-title\"><a href=\"https:\/\/www.yetkinbayer.com\/tr\/medikal-estetik\/scar-izi-azaltma-bakimlari\/\" target=\"_self\" >Scar \u0130zi Azaltma Bak\u0131mlar\u0131<\/a><\/h2><\/div>\n<\/div>\n\n<\/li><li class=\"wp-block-post post-9876 page type-page status-publish hentry\">\n\n<figure class=\"wp-block-image size-full\"><img loading=\"lazy\" decoding=\"async\" width=\"800\" height=\"300\" src=\"https:\/\/www.yetkinbayer.com\/wp-content\/uploads\/2025\/04\/marco-carta-e-un-trapianto-di-capelli-674457ac20b65.webp\" alt=\"\" class=\"wp-image-5140\" srcset=\"https:\/\/www.yetkinbayer.com\/wp-content\/uploads\/2025\/04\/marco-carta-e-un-trapianto-di-capelli-674457ac20b65.webp 800w, https:\/\/www.yetkinbayer.com\/wp-content\/uploads\/2025\/04\/marco-carta-e-un-trapianto-di-capelli-674457ac20b65-300x113.webp 300w, https:\/\/www.yetkinbayer.com\/wp-content\/uploads\/2025\/04\/marco-carta-e-un-trapianto-di-capelli-674457ac20b65-768x288.webp 768w\" sizes=\"auto, (max-width: 800px) 100vw, 800px\" \/><\/figure>\n\n\n\n<div class=\"wp-block-group is-nowrap is-layout-flex wp-container-core-group-is-layout-51e859fb wp-block-group-is-layout-flex\" style=\"padding-top:30px;padding-right:30px;padding-bottom:30px;padding-left:30px\">\n<div class=\"wp-block-group is-nowrap is-layout-flex wp-container-core-group-is-layout-64989fb1 wp-block-group-is-layout-flex\"><h2 class=\"wp-block-post-title\"><a href=\"https:\/\/www.yetkinbayer.com\/tr\/medikal-estetik\/cilt-leke-acma-bakimlari\/\" target=\"_self\" >Cilt Leke A\u00e7ma Bak\u0131mlar\u0131<\/a><\/h2><\/div>\n<\/div>\n\n<\/li><li class=\"wp-block-post post-9874 page type-page status-publish hentry\">\n\n<figure class=\"wp-block-image size-full\"><img loading=\"lazy\" decoding=\"async\" width=\"800\" height=\"300\" src=\"https:\/\/www.yetkinbayer.com\/wp-content\/uploads\/2025\/04\/marco-carta-e-un-trapianto-di-capelli-674457ac20b65.webp\" alt=\"\" class=\"wp-image-5140\" srcset=\"https:\/\/www.yetkinbayer.com\/wp-content\/uploads\/2025\/04\/marco-carta-e-un-trapianto-di-capelli-674457ac20b65.webp 800w, https:\/\/www.yetkinbayer.com\/wp-content\/uploads\/2025\/04\/marco-carta-e-un-trapianto-di-capelli-674457ac20b65-300x113.webp 300w, https:\/\/www.yetkinbayer.com\/wp-content\/uploads\/2025\/04\/marco-carta-e-un-trapianto-di-capelli-674457ac20b65-768x288.webp 768w\" sizes=\"auto, (max-width: 800px) 100vw, 800px\" \/><\/figure>\n\n\n\n<div class=\"wp-block-group is-nowrap is-layout-flex wp-container-core-group-is-layout-51e859fb wp-block-group-is-layout-flex\" style=\"padding-top:30px;padding-right:30px;padding-bottom:30px;padding-left:30px\">\n<div class=\"wp-block-group is-nowrap is-layout-flex wp-container-core-group-is-layout-64989fb1 wp-block-group-is-layout-flex\"><h2 class=\"wp-block-post-title\"><a href=\"https:\/\/www.yetkinbayer.com\/tr\/medikal-estetik\/cilt-genclestirme-ve-cilt-germe-bakimlari-programlari\/\" target=\"_self\" >Cilt Gen\u00e7le\u015ftirme ve Cilt Germe Bak\u0131mlar\u0131 &#038; Programlar\u0131<\/a><\/h2><\/div>\n<\/div>\n\n<\/li><\/ul><\/div>\n","protected":false},"excerpt":{"rendered":"","protected":false},"author":1,"featured_media":0,"parent":0,"menu_order":0,"comment_status":"closed","ping_status":"closed","template":"","meta":{"footnotes":""},"class_list":["post-8418","page","type-page","status-publish","hentry"],"_links":{"self":[{"href":"https:\/\/www.yetkinbayer.com\/tr\/wp-json\/wp\/v2\/pages\/8418","targetHints":{"allow":["GET"]}}],"collection":[{"href":"https:\/\/www.yetkinbayer.com\/tr\/wp-json\/wp\/v2\/pages"}],"about":[{"href":"https:\/\/www.yetkinbayer.com\/tr\/wp-json\/wp\/v2\/types\/page"}],"author":[{"embeddable":true,"href":"https:\/\/www.yetkinbayer.com\/tr\/wp-json\/wp\/v2\/users\/1"}],"replies":[{"embeddable":true,"href":"https:\/\/www.yetkinbayer.com\/tr\/wp-json\/wp\/v2\/comments?post=8418"}],"version-history":[{"count":8,"href":"https:\/\/www.yetkinbayer.com\/tr\/wp-json\/wp\/v2\/pages\/8418\/revisions"}],"predecessor-version":[{"id":8552,"href":"https:\/\/www.yetkinbayer.com\/tr\/wp-json\/wp\/v2\/pages\/8418\/revisions\/8552"}],"wp:attachment":[{"href":"https:\/\/www.yetkinbayer.com\/tr\/wp-json\/wp\/v2\/media?parent=8418"}],"curies":[{"name":"wp","href":"https:\/\/api.w.org\/{rel}","templated":true}]}}