{"id":8361,"date":"2025-05-06T20:56:26","date_gmt":"2025-05-06T17:56:26","guid":{"rendered":"https:\/\/www.yetkinbayer.com\/?page_id=8361"},"modified":"2025-05-09T13:39:31","modified_gmt":"2025-05-09T10:39:31","slug":"emslim","status":"publish","type":"page","link":"https:\/\/www.yetkinbayer.com\/tr\/medikal-estetik\/emslim\/","title":{"rendered":"EMSLIM"},"content":{"rendered":"<p class=\"p1\">EMSlim, y\u00fcksek <span class=\"s1\">yo\u011funluklu <\/span>elektromanyetik dalgalar (HIFEM) kullanarak <span class=\"s2\">kaslar\u0131 <\/span><span class=\"s3\">yo\u011fun <\/span>bir <span class=\"s4\">\u015fekilde <\/span><span class=\"s2\">\u00e7al\u0131\u015ft\u0131ran <\/span>ve <span class=\"s5\">ayn\u0131 <\/span>zamanda <span class=\"s6\">ya\u011f <\/span><span class=\"s7\">yak\u0131m\u0131n\u0131 <\/span>destekleyen non-invaziv bir v\u00fccut <span class=\"s5\">\u015fekillendirme <\/span>teknolojisidir.<\/p>\n<p class=\"p1\"><b>EMSLIM FAYDALARI<\/b><\/p>\n<ul>\n<li class=\"p2\"><span class=\"s1\">Kas <\/span>Geli\u015fimi<\/li>\n<li class=\"p3\"><span class=\"s2\">Ya\u011f <\/span>Yak\u0131m\u0131<\/li>\n<li class=\"p2\"><span class=\"s1\">V\u00fccut <\/span><span class=\"s3\">\u015eekillendirme<\/span><\/li>\n<li class=\"p4\">Zaman Tasarrufu<\/li>\n<li class=\"p5\">A\u011fr\u0131s\u0131z <span class=\"s1\">Uygulama<\/span><\/li>\n<\/ul>\n<h3 class=\"p1\">Etki ve S\u00fcresi:<\/h3>\n<p class=\"p2\">5. seanstan itibaren <span class=\"s1\">ki\u015fi <\/span><span class=\"s2\">s\u0131k\u0131la\u015ft\u0131\u011f\u0131n\u0131 <\/span>farkeder. Toplam 10 <span class=\"s3\">seansl\u0131k <\/span><span class=\"s4\">i\u015flemdir.<\/span><\/p>\n<h2>EMSlim Hakk\u0131nda S\u0131k\u00e7a Sorulan Sorular<\/h2>\n<ol>\n<li><strong>EMSlim nedir?<br \/>\n<\/strong>EMSlim, y\u00fcksek yo\u011funluklu elektromanyetik dalgalar (HIFEM) kullanarak kaslar\u0131 yo\u011fun bir \u015fekilde \u00e7al\u0131\u015ft\u0131ran ve ayn\u0131 zamanda ya\u011f yak\u0131m\u0131n\u0131 destekleyen non-invaziv bir v\u00fccut \u015fekillendirme teknolojisidir. Bu teknoloji, kas geli\u015fimi ve v\u00fccut \u015fekillendirme i\u00e7in etkilidir.<\/li>\n<li><strong>EMSlim nas\u0131l \u00e7al\u0131\u015f\u0131r?<br \/>\n<\/strong>EMSlim cihaz\u0131, elektromanyetik dalgalar kullanarak kaslar\u0131 h\u0131zla kas\u0131p gev\u015fetir. Bu s\u00fcre\u00e7, kaslar\u0131 \u00e7al\u0131\u015ft\u0131rarak geli\u015ftirilmesini sa\u011flar ve ayn\u0131 zamanda ya\u011f yak\u0131m\u0131n\u0131 h\u0131zland\u0131r\u0131r. Uygulama s\u0131ras\u0131nda a\u011fr\u0131s\u0131z bir deneyim ya\u015fan\u0131r ve v\u00fccutta yo\u011fun kas aktivasyonu sa\u011flan\u0131r.<\/li>\n<li><strong>EMSlim&#8217;in faydalar\u0131 nelerdir?<br \/>\n<\/strong>EMSlim&#8217;in ba\u015fl\u0131ca faydalar\u0131 \u015funlard\u0131r:<\/p>\n<ul>\n<li>Kas geli\u015fimi<\/li>\n<li>Ya\u011f yak\u0131m\u0131<\/li>\n<li>V\u00fccut \u015fekillendirme<\/li>\n<li>Zaman tasarrufu sa\u011flar<\/li>\n<li>A\u011fr\u0131s\u0131z uygulama<\/li>\n<\/ul>\n<\/li>\n<li><strong>EMSlim tedavisinin etkisi ne zaman ba\u015flar?<br \/>\n<\/strong>EMSlim tedavisinin etkisi, genellikle 5. seanstan itibaren g\u00f6r\u00fclmeye ba\u015flar. Kaslar\u0131n s\u0131k\u0131la\u015fmas\u0131 ve v\u00fccut \u015fekillendirmede de\u011fi\u015fiklikler fark edilmeye ba\u015flan\u0131r.<\/li>\n<li><strong>EMSlim tedavisi ka\u00e7 seans s\u00fcrer?<br \/>\n<\/strong>EMSlim tedavisi toplamda 10 seansl\u0131k bir s\u00fcre\u00e7ten olu\u015fur. Seanslar aras\u0131nda genellikle 2-3 g\u00fcn ara verilir ve tedavi s\u00fcresi ki\u015fiye \u00f6zel olarak ayarlanabilir.<\/li>\n<li><strong>EMSlim ac\u0131 verir mi?<br \/>\n<\/strong>EMSlim tedavisi a\u011fr\u0131s\u0131zd\u0131r. Uygulama s\u0131ras\u0131nda, kaslar\u0131n kas\u0131lmas\u0131 ve gev\u015femesi hissedilebilir, ancak bu tamamen rahats\u0131z edici de\u011fildir ve konforlu bir deneyim sunar.<\/li>\n<li><strong>EMSlim tedavisinin yan etkileri var m\u0131d\u0131r?<br \/>\n<\/strong>EMSlim tedavisi genellikle yan etkisizdir. Nadiren, tedavi yap\u0131lan b\u00f6lgelerde ge\u00e7ici bir kas a\u011fr\u0131s\u0131 veya hafif kas sertli\u011fi olabilir, ancak bu etkiler genellikle k\u0131sa s\u00fcreli olup tedavi sonras\u0131 kaybolur.<\/li>\n<li><strong>EMSlim kimlere uygulanabilir?<br \/>\n<\/strong>EMSlim, sa\u011fl\u0131kl\u0131 bireyler i\u00e7in uygundur. \u00d6zellikle kas geli\u015ftirmek ve v\u00fccut \u015fekillendirmek isteyen ki\u015filer i\u00e7in etkili bir y\u00f6ntemdir. Ancak, hamilelik, kalp hastal\u0131klar\u0131 veya ciddi kas-iskelet sorunlar\u0131 olan ki\u015filere uygulanmadan \u00f6nce mutlaka bir uzmana dan\u0131\u015f\u0131lmal\u0131d\u0131r.<\/li>\n<\/ol>\n","protected":false},"excerpt":{"rendered":"<p>EMSlim, y\u00fcksek yo\u011funluklu elektromanyetik dalgalar (HIFEM) kullanarak kaslar\u0131 yo\u011fun bir \u015fekilde \u00e7al\u0131\u015ft\u0131ran ve ayn\u0131 zamanda ya\u011f yak\u0131m\u0131n\u0131 destekleyen non-invaziv bir v\u00fccut \u015fekillendirme teknolojisidir. EMSLIM FAYDALARI Kas Geli\u015fimi Ya\u011f Yak\u0131m\u0131 V\u00fccut \u015eekillendirme Zaman Tasarrufu A\u011fr\u0131s\u0131z Uygulama Etki ve S\u00fcresi: 5. seanstan itibaren ki\u015fi s\u0131k\u0131la\u015ft\u0131\u011f\u0131n\u0131 farkeder. Toplam 10 seansl\u0131k i\u015flemdir. EMSlim Hakk\u0131nda S\u0131k\u00e7a Sorulan Sorular EMSlim nedir? [&hellip;]<\/p>\n","protected":false},"author":1,"featured_media":0,"parent":8418,"menu_order":0,"comment_status":"closed","ping_status":"closed","template":"","meta":{"footnotes":""},"class_list":["post-8361","page","type-page","status-publish","hentry"],"_links":{"self":[{"href":"https:\/\/www.yetkinbayer.com\/tr\/wp-json\/wp\/v2\/pages\/8361","targetHints":{"allow":["GET"]}}],"collection":[{"href":"https:\/\/www.yetkinbayer.com\/tr\/wp-json\/wp\/v2\/pages"}],"about":[{"href":"https:\/\/www.yetkinbayer.com\/tr\/wp-json\/wp\/v2\/types\/page"}],"author":[{"embeddable":true,"href":"https:\/\/www.yetkinbayer.com\/tr\/wp-json\/wp\/v2\/users\/1"}],"replies":[{"embeddable":true,"href":"https:\/\/www.yetkinbayer.com\/tr\/wp-json\/wp\/v2\/comments?post=8361"}],"version-history":[{"count":2,"href":"https:\/\/www.yetkinbayer.com\/tr\/wp-json\/wp\/v2\/pages\/8361\/revisions"}],"predecessor-version":[{"id":8363,"href":"https:\/\/www.yetkinbayer.com\/tr\/wp-json\/wp\/v2\/pages\/8361\/revisions\/8363"}],"up":[{"embeddable":true,"href":"https:\/\/www.yetkinbayer.com\/tr\/wp-json\/wp\/v2\/pages\/8418"}],"wp:attachment":[{"href":"https:\/\/www.yetkinbayer.com\/tr\/wp-json\/wp\/v2\/media?parent=8361"}],"curies":[{"name":"wp","href":"https:\/\/api.w.org\/{rel}","templated":true}]}}