{"id":8358,"date":"2025-05-06T20:50:43","date_gmt":"2025-05-06T17:50:43","guid":{"rendered":"https:\/\/www.yetkinbayer.com\/?page_id=8358"},"modified":"2025-05-09T13:39:41","modified_gmt":"2025-05-09T10:39:41","slug":"velashape-v8","status":"publish","type":"page","link":"https:\/\/www.yetkinbayer.com\/tr\/medikal-estetik\/velashape-v8\/","title":{"rendered":"VELASHAPE v8"},"content":{"rendered":"<p class=\"p1\">VelaShape V8, <span class=\"s1\">geli\u015fmi\u015f <\/span>bir v\u00fccut <span class=\"s2\">\u015fekillendirme <\/span>ve cilt <span class=\"s3\">s\u0131k\u0131la\u015ft\u0131rma <\/span><span class=\"s4\">cihaz\u0131d\u0131r. <\/span>Bu teknoloji, radyofrekans (RF), <span class=\"s5\">k\u0131z\u0131l\u00f6tesi <\/span>(infrared) <span class=\"s6\">\u0131\u015f\u0131k, <\/span>vakum ve mekanik masaj tekniklerini bir araya getirerek cilt <span class=\"s7\">alt\u0131ndaki <\/span><span class=\"s8\">ya\u011f <\/span><span class=\"s3\">dokular\u0131n\u0131 <\/span>hedef <span class=\"s9\">al\u0131r. <\/span>Bu kombinasyon, <span class=\"s10\">ya\u011f <\/span>h\u00fccrelerinin <span class=\"s11\">par\u00e7alanmas\u0131na, <\/span>cildin <span class=\"s12\">s\u0131k\u0131la\u015fmas\u0131na <\/span>ve sel\u00fclit g\u00f6r\u00fcn\u00fcm\u00fcn\u00fcn azalmas\u0131na <span class=\"s13\">yard\u0131mc\u0131 <\/span><span class=\"s14\">olur.<\/span><\/p>\n<h2 class=\"p1\">VELASHAPE <span class=\"s1\">V8 <\/span>FAYDALARI<\/h2>\n<ul>\n<li class=\"p1\">B\u00f6lgesel <span class=\"s1\">\u0130ncelme<\/span><\/li>\n<li class=\"p2\"><span class=\"s2\">Cilt <\/span>S\u0131k\u0131la\u015ft\u0131rma<\/li>\n<li class=\"p3\">Sel\u00fclit <span class=\"s3\">Tedavisi<\/span><\/li>\n<\/ul>\n<h3 class=\"p1\">Etki ve S\u00fcresi:<\/h3>\n<p class=\"p2\"><span class=\"s1\">Ki\u015fiden <\/span><span class=\"s2\">ki\u015fiye <\/span><span class=\"s3\">de\u011fi\u015fkenlik <\/span><span class=\"s4\">g\u00f6stermekle <\/span>beraber, <span class=\"s5\">ilk <\/span>seanstan, <span class=\"s5\">itibaren <\/span><span class=\"s1\">s\u0131k\u0131la\u015fma <\/span>g\u00f6r\u00fcl\u00fcr. <span class=\"s6\">As\u0131l <\/span>sonu\u00e7 6. seanstan sonra g\u00f6zlenir. <span class=\"s5\">Toplam 10 <\/span><span class=\"s7\">seansl\u0131k <\/span>bir <span class=\"s8\">i\u015flemdir.<\/span><\/p>\n<h2>VelaShape V8 Hakk\u0131nda S\u0131k\u00e7a Sorulan Sorular<\/h2>\n<ol>\n<li><strong>VelaShape V8 nedir?<br \/>\n<\/strong>VelaShape V8, geli\u015fmi\u015f bir v\u00fccut \u015fekillendirme ve cilt s\u0131k\u0131la\u015ft\u0131rma cihaz\u0131d\u0131r. Radyofrekans (RF), k\u0131z\u0131l\u00f6tesi \u0131\u015f\u0131k, vakum ve mekanik masaj tekniklerinin bir kombinasyonunu kullanarak, cilt alt\u0131ndaki ya\u011f dokular\u0131n\u0131 hedef al\u0131r. Bu teknoloji, ya\u011f h\u00fccrelerinin par\u00e7alanmas\u0131na, cildin s\u0131k\u0131la\u015fmas\u0131na ve sel\u00fclit g\u00f6r\u00fcn\u00fcm\u00fcn\u00fcn azalmas\u0131na yard\u0131mc\u0131 olur.<\/li>\n<li><strong>VelaShape V8 nas\u0131l \u00e7al\u0131\u015f\u0131r?<br \/>\n<\/strong>VelaShape V8, cilt alt\u0131ndaki ya\u011f dokular\u0131n\u0131 hedef alarak, radyofrekans, k\u0131z\u0131l\u00f6tesi \u0131\u015f\u0131k ve vakum kombinasyonunu kullan\u0131r. Vakum, cildi yukar\u0131 do\u011fru \u00e7ekerken, RF ve infrared \u0131\u015f\u0131k cilt alt\u0131ndaki ya\u011f h\u00fccrelerine etki eder, bu sayede cilt s\u0131k\u0131la\u015f\u0131r ve sel\u00fclit g\u00f6r\u00fcn\u00fcm\u00fc azal\u0131r.<\/li>\n<li><strong>VelaShape V8&#8217;in faydalar\u0131 nelerdir?<br \/>\n<\/strong>VelaShape V8, a\u015fa\u011f\u0131daki faydalar\u0131 sa\u011flar:<\/p>\n<ul>\n<li>B\u00f6lgesel incelme<\/li>\n<li>Cilt s\u0131k\u0131la\u015ft\u0131rma<\/li>\n<li>Sel\u00fclit tedavisi<\/li>\n<\/ul>\n<\/li>\n<li><strong>VelaShape V8 tedavisinin etkisi ne zaman ba\u015flar?<br \/>\n<\/strong>VelaShape V8 tedavisinin etkisi, genellikle ilk seanstan itibaren g\u00f6r\u00fclmeye ba\u015flar. Ancak, en iyi sonu\u00e7lar genellikle 6. seanstan sonra g\u00f6zlemlenir.<\/li>\n<li><strong>VelaShape V8 tedavisi ka\u00e7 seans s\u00fcrer?<br \/>\n<\/strong>VelaShape V8 tedavisi genellikle 10 seansl\u0131k bir tedavi s\u00fcrecinden olu\u015fur.<\/li>\n<li><strong>VelaShape V8 ac\u0131 verir mi?<br \/>\n<\/strong>VelaShape V8 tedavisi genellikle a\u011fr\u0131s\u0131zd\u0131r. Uygulama s\u0131ras\u0131nda hafif bir \u0131s\u0131nma veya batma hissi olabilir, ancak bu his k\u0131sa s\u00fcrelidir ve genellikle d\u00fc\u015f\u00fck seviyededir.<\/li>\n<li><strong>VelaShape V8 tedavisinin yan etkileri var m\u0131d\u0131r?<br \/>\n<\/strong>VelaShape V8 tedavisi genellikle yan etkisizdir. Nadiren, uygulama yap\u0131lan b\u00f6lgelerde ge\u00e7ici k\u0131zar\u0131kl\u0131k veya \u0131s\u0131nma hissi olabilir. Bu etkiler genellikle k\u0131sa s\u00fcrede ge\u00e7er.<\/li>\n<li><strong>VelaShape V8 kimlere uygulanabilir?<br \/>\n<\/strong>VelaShape V8, sa\u011fl\u0131kl\u0131 bireyler i\u00e7in uygundur ve \u00f6zellikle sel\u00fclit, b\u00f6lgesel ya\u011flanma ve cilt s\u0131k\u0131la\u015ft\u0131rma gibi estetik ama\u00e7larla kullan\u0131l\u0131r. Ancak, hamilelik, ciddi kalp rahats\u0131zl\u0131klar\u0131 veya cilt enfeksiyonlar\u0131 gibi \u00f6zel sa\u011fl\u0131k durumlar\u0131 s\u00f6z konusuysa, \u00f6nceden bir uzmana dan\u0131\u015fmak \u00f6nemlidir.<\/li>\n<\/ol>\n","protected":false},"excerpt":{"rendered":"<p>VelaShape V8, geli\u015fmi\u015f bir v\u00fccut \u015fekillendirme ve cilt s\u0131k\u0131la\u015ft\u0131rma cihaz\u0131d\u0131r. Bu teknoloji, radyofrekans (RF), k\u0131z\u0131l\u00f6tesi (infrared) \u0131\u015f\u0131k, vakum ve mekanik masaj tekniklerini bir araya getirerek cilt alt\u0131ndaki ya\u011f dokular\u0131n\u0131 hedef al\u0131r. Bu kombinasyon, ya\u011f h\u00fccrelerinin par\u00e7alanmas\u0131na, cildin s\u0131k\u0131la\u015fmas\u0131na ve sel\u00fclit g\u00f6r\u00fcn\u00fcm\u00fcn\u00fcn azalmas\u0131na yard\u0131mc\u0131 olur. VELASHAPE V8 FAYDALARI B\u00f6lgesel \u0130ncelme Cilt S\u0131k\u0131la\u015ft\u0131rma Sel\u00fclit Tedavisi Etki ve [&hellip;]<\/p>\n","protected":false},"author":1,"featured_media":0,"parent":8418,"menu_order":0,"comment_status":"closed","ping_status":"closed","template":"","meta":{"footnotes":""},"class_list":["post-8358","page","type-page","status-publish","hentry"],"_links":{"self":[{"href":"https:\/\/www.yetkinbayer.com\/tr\/wp-json\/wp\/v2\/pages\/8358","targetHints":{"allow":["GET"]}}],"collection":[{"href":"https:\/\/www.yetkinbayer.com\/tr\/wp-json\/wp\/v2\/pages"}],"about":[{"href":"https:\/\/www.yetkinbayer.com\/tr\/wp-json\/wp\/v2\/types\/page"}],"author":[{"embeddable":true,"href":"https:\/\/www.yetkinbayer.com\/tr\/wp-json\/wp\/v2\/users\/1"}],"replies":[{"embeddable":true,"href":"https:\/\/www.yetkinbayer.com\/tr\/wp-json\/wp\/v2\/comments?post=8358"}],"version-history":[{"count":4,"href":"https:\/\/www.yetkinbayer.com\/tr\/wp-json\/wp\/v2\/pages\/8358\/revisions"}],"predecessor-version":[{"id":8399,"href":"https:\/\/www.yetkinbayer.com\/tr\/wp-json\/wp\/v2\/pages\/8358\/revisions\/8399"}],"up":[{"embeddable":true,"href":"https:\/\/www.yetkinbayer.com\/tr\/wp-json\/wp\/v2\/pages\/8418"}],"wp:attachment":[{"href":"https:\/\/www.yetkinbayer.com\/tr\/wp-json\/wp\/v2\/media?parent=8358"}],"curies":[{"name":"wp","href":"https:\/\/api.w.org\/{rel}","templated":true}]}}