{"id":8320,"date":"2025-05-06T18:58:40","date_gmt":"2025-05-06T15:58:40","guid":{"rendered":"https:\/\/www.yetkinbayer.com\/?page_id=8320"},"modified":"2025-05-09T13:39:36","modified_gmt":"2025-05-09T10:39:36","slug":"kimyasal-peeling","status":"publish","type":"page","link":"https:\/\/www.yetkinbayer.com\/tr\/medikal-estetik\/kimyasal-peeling\/","title":{"rendered":"K\u0130MYASAL PEELING"},"content":{"rendered":"<p class=\"p1\">Kimyasal Peeling, cilt y\u00fczeyindeki \u00f6l\u00fc h\u00fccrelerin temizlenmesini <span class=\"s1\">sa\u011flayan <\/span>ve cilt yenilenmesini <span class=\"s2\">te\u015fvik <\/span>eden bir cilt <span class=\"s3\">bak\u0131m <\/span>y\u00f6ntemidir. Bu <span class=\"s4\">i\u015flem, <\/span>cildin \u00fcst <span class=\"s5\">katmanlar\u0131n\u0131 <\/span>kimyasal bir sol\u00fcsyon kullanarak soyma <span class=\"s1\">esas\u0131na <\/span><span class=\"s2\">dayan\u0131r. <\/span>Kimyasal peeling, ciltteki <span class=\"s6\">\u00e7e\u015fitli <\/span>problemlerin tedavisinde etkili bir y\u00f6ntemdir ve genellikle dermatologlar veya estetik <span class=\"s7\">uzmanlar\u0131 <\/span>taraf\u0131ndan <span class=\"s2\">uygulan\u0131r.<\/span><\/p>\n<h2>Kimyasal Peeling Kullan\u0131m Alanlar\u0131<\/h2>\n<ul>\n<li class=\"p1\">Hafif Lekeler<\/li>\n<li class=\"p1\">Derin Lekeler<\/li>\n<li class=\"p2\"><span class=\"s1\">ince <\/span>K\u0131r\u0131\u015f\u0131kl\u0131klar<\/li>\n<li class=\"p3\">Cilt Yenileme<\/li>\n<li class=\"p3\">Akne ve Akne <span class=\"s2\">\u0130zleri<\/span><\/li>\n<li class=\"p3\">Cilt Tonunu <span class=\"s3\">E\u015fitleme<\/span><\/li>\n<li class=\"p3\">Y\u00fcz, Dekolte, <span class=\"s4\">S\u0131rt <\/span>ve <span class=\"s5\">G\u00f6\u011f\u00fcs<\/span><\/li>\n<\/ul>\n<p class=\"p1\">3-6 seans <span class=\"s1\">aras\u0131 <\/span>uygulanabilir. Hafif ve orta derecede <span class=\"s2\">yap\u0131lan <\/span>kimyasal peeling etkisi <span class=\"s3\">ki\u015fiden <\/span><span class=\"s4\">ki\u015fiye <\/span>g\u00f6re <span class=\"s5\">de\u011fi\u015fkenlik <\/span>g\u00f6stermektedir.<\/p>\n<h2 class=\"\" data-start=\"244\" data-end=\"274\">S\u0131k\u00e7a Sorulan Sorular (SSS)<\/h2>\n<ol>\n<li><strong>Kimyasal peeling nedir?<\/strong><br \/>\n<span class=\"relative -mx-px my-[-0.2rem] rounded px-px py-[0.2rem] transition-colors duration-100 ease-in-out\">Kimyasal peeling, cildin \u00fcst tabakalar\u0131n\u0131n kontroll\u00fc bir \u015fekilde soyulmas\u0131 i\u015flemidir.<\/span> <span class=\"relative -mx-px my-[-0.2rem] rounded px-px py-[0.2rem] transition-colors duration-100 ease-in-out\">Bu i\u015flem, cilt y\u00fczeyindeki \u00f6l\u00fc h\u00fccrelerin temizlenmesini sa\u011flar ve cilt yenilenmesini te\u015fvik eder.<\/span> <span class=\"relative -mx-px my-[-0.2rem] rounded px-px py-[0.2rem] transition-colors duration-100 ease-in-out\">Genellikle dermatologlar veya estetik uzmanlar\u0131 taraf\u0131ndan uygulan\u0131r.<\/span><\/li>\n<li><strong>Kimyasal peeling hangi cilt sorunlar\u0131nda kullan\u0131l\u0131r?<\/strong><br \/>\n<span class=\"relative -mx-px my-[-0.2rem] rounded px-px py-[0.2rem] transition-colors duration-100 ease-in-out\">Kimyasal peeling, a\u015fa\u011f\u0131daki cilt sorunlar\u0131n\u0131n tedavisinde etkili bir y\u00f6ntemdir:<\/span><\/p>\n<ol>\n<li data-start=\"605\" data-end=\"644\"><span class=\"relative -mx-px my-[-0.2rem] rounded px-px py-[0.2rem] transition-colors duration-100 ease-in-out\">Hafif ve derin lekeler<\/span><\/li>\n<li data-start=\"647\" data-end=\"686\"><span class=\"relative -mx-px my-[-0.2rem] rounded px-px py-[0.2rem] transition-colors duration-100 ease-in-out\">\u0130nce k\u0131r\u0131\u015f\u0131kl\u0131klar<\/span><\/li>\n<li data-start=\"689\" data-end=\"728\"><span class=\"relative -mx-px my-[-0.2rem] rounded px-px py-[0.2rem] transition-colors duration-100 ease-in-out\">Cilt yenileme<\/span><\/li>\n<li data-start=\"731\" data-end=\"770\"><span class=\"relative -mx-px my-[-0.2rem] rounded px-px py-[0.2rem] transition-colors duration-100 ease-in-out\">Akne ve akne izleri<\/span><\/li>\n<li data-start=\"773\" data-end=\"812\"><span class=\"relative -mx-px my-[-0.2rem] rounded px-px py-[0.2rem] transition-colors duration-100 ease-in-out\">Cilt tonunu e\u015fitleme<\/span><\/li>\n<li data-start=\"815\" data-end=\"854\"><span class=\"relative -mx-px my-[-0.2rem] rounded px-px py-[0.2rem] transition-colors duration-100 ease-in-out\">Geni\u015flemi\u015f g\u00f6zenekler<\/span><\/li>\n<li data-start=\"857\" data-end=\"935\"><span class=\"relative -mx-px my-[-0.2rem] rounded px-px py-[0.2rem] transition-colors duration-100 ease-in-out\">G\u00fcne\u015f hasar<\/span><\/li>\n<\/ol>\n<\/li>\n<li data-start=\"857\" data-end=\"935\"><strong>Kimyasal peeling i\u015flemi nas\u0131l uygulan\u0131r?<br \/>\n<\/strong><span class=\"relative -mx-px my-[-0.2rem] rounded px-px py-[0.2rem] transition-colors duration-100 ease-in-out\">Kimyasal peeling i\u015flemi \u015fu ad\u0131mlarla uygulan\u0131r:<\/span><\/p>\n<ol>\n<li data-start=\"1069\" data-end=\"1099\">Cilt temizlenir ve haz\u0131rlan\u0131r.<\/li>\n<li data-start=\"1103\" data-end=\"1143\">Uygun kimyasal sol\u00fcsyon cilde uygulan\u0131r.<\/li>\n<li data-start=\"1147\" data-end=\"1173\">Belirli bir s\u00fcre beklenir.<\/li>\n<li data-start=\"1177\" data-end=\"1222\">Sol\u00fcsyon n\u00f6tralize edilir ve cilt temizlenir.<\/li>\n<li data-start=\"1226\" data-end=\"1314\">Nemlendirici ve g\u00fcne\u015f koruyucu \u00fcr\u00fcnler uygulan\u0131r.<\/li>\n<\/ol>\n<\/li>\n<li><strong>Kimyasal peeling ka\u00e7 seans uygulanmal\u0131d\u0131r?<br \/>\n<\/strong>Kimyasal peeling seans say\u0131s\u0131, cilt tipine ve tedavi edilen soruna ba\u011fl\u0131 olarak de\u011fi\u015fir. Genellikle 3 ila 6 seans \u00f6nerilir. Seanslar aras\u0131nda 1-4 hafta aral\u0131klarla uygulama yap\u0131labilir.<\/li>\n<li><strong>Kimyasal peeling sonras\u0131 nelere dikkat edilmelidir?<br \/>\n<\/strong>Kimyasal peeling sonras\u0131 cilt hassasla\u015fabilir. Dikkat edilmesi gerekenler:<\/p>\n<ul>\n<li data-start=\"1771\" data-end=\"1831\">G\u00fcne\u015ften korunmak i\u00e7in y\u00fcksek fakt\u00f6rl\u00fc g\u00fcne\u015f kremi kullan\u0131n.<\/li>\n<li data-start=\"1834\" data-end=\"1887\">Cildi nemlendirin ve tahri\u015f edici \u00fcr\u00fcnlerden ka\u00e7\u0131n\u0131n.<\/li>\n<li data-start=\"1890\" data-end=\"1944\">Ciltte soyulma veya kabuklanma olabilir; bu normaldir.<\/li>\n<li data-start=\"1947\" data-end=\"2026\">Cildi ka\u015f\u0131maktan veya soymaktan ka\u00e7\u0131n\u0131n.<\/li>\n<\/ul>\n<\/li>\n<li><strong>Kimyasal peeling kimlere uygulanmamal\u0131d\u0131r?<br \/>\n<\/strong><span class=\"relative -mx-px my-[-0.2rem] rounded px-px py-[0.2rem] transition-colors duration-100 ease-in-out\">A\u015fa\u011f\u0131daki durumlarda kimyasal peeling \u00f6nerilmez:<\/span><\/p>\n<ul>\n<li data-start=\"2161\" data-end=\"2200\"><span class=\"relative -mx-px my-[-0.2rem] rounded px-px py-[0.2rem] transition-colors duration-100 ease-in-out\">Hamilelik veya emzirme d\u00f6nemi<\/span><\/li>\n<li data-start=\"2203\" data-end=\"2242\"><span class=\"relative -mx-px my-[-0.2rem] rounded px-px py-[0.2rem] transition-colors duration-100 ease-in-out\">Aktif cilt enfeksiyonlar\u0131<\/span><\/li>\n<li data-start=\"2245\" data-end=\"2284\"><span class=\"relative -mx-px my-[-0.2rem] rounded px-px py-[0.2rem] transition-colors duration-100 ease-in-out\">A\u00e7\u0131k yaralar veya ciltte tahri\u015f<\/span><\/li>\n<li data-start=\"2287\" data-end=\"2326\"><span class=\"relative -mx-px my-[-0.2rem] rounded px-px py-[0.2rem] transition-colors duration-100 ease-in-out\">Son alt\u0131 ay i\u00e7inde izotretinoin kullan\u0131m\u0131<\/span><\/li>\n<li data-start=\"2329\" data-end=\"2407\"><span class=\"relative -mx-px my-[-0.2rem] rounded px-px py-[0.2rem] transition-colors duration-100 ease-in-out\">Alerji veya a\u015f\u0131r\u0131 duyarl\u0131l\u0131k<\/span><\/li>\n<\/ul>\n<\/li>\n<li><strong>Kimyasal peelingin etkileri ne zaman g\u00f6r\u00fcl\u00fcr?<br \/>\n<\/strong><span class=\"relative -mx-px my-[-0.2rem] rounded px-px py-[0.2rem] transition-colors duration-100 ease-in-out\">Kimyasal peelingin etkileri genellikle ilk birka\u00e7 seanstan sonra g\u00f6r\u00fclmeye ba\u015flar.<\/span> <span class=\"relative -mx-px my-[-0.2rem] rounded px-px py-[0.2rem] transition-colors duration-100 ease-in-out\">Ciltteki iyile\u015fme s\u00fcreci bireysel farkl\u0131l\u0131klar g\u00f6sterebilir.<\/span> <span class=\"relative -mx-px my-[-0.2rem] rounded px-px py-[0.2rem] transition-colors duration-100 ease-in-out\">Tam sonu\u00e7lar i\u00e7in \u00f6nerilen seans say\u0131s\u0131na uyulmas\u0131 \u00f6nemlidir.<\/span><\/li>\n<\/ol>\n","protected":false},"excerpt":{"rendered":"<p>Kimyasal Peeling, cilt y\u00fczeyindeki \u00f6l\u00fc h\u00fccrelerin temizlenmesini sa\u011flayan ve cilt yenilenmesini te\u015fvik eden bir cilt bak\u0131m y\u00f6ntemidir. Bu i\u015flem, cildin \u00fcst katmanlar\u0131n\u0131 kimyasal bir sol\u00fcsyon kullanarak soyma esas\u0131na dayan\u0131r. Kimyasal peeling, ciltteki \u00e7e\u015fitli problemlerin tedavisinde etkili bir y\u00f6ntemdir ve genellikle dermatologlar veya estetik uzmanlar\u0131 taraf\u0131ndan uygulan\u0131r. Kimyasal Peeling Kullan\u0131m Alanlar\u0131 Hafif Lekeler Derin Lekeler ince [&hellip;]<\/p>\n","protected":false},"author":1,"featured_media":0,"parent":8418,"menu_order":0,"comment_status":"closed","ping_status":"closed","template":"","meta":{"footnotes":""},"class_list":["post-8320","page","type-page","status-publish","hentry"],"_links":{"self":[{"href":"https:\/\/www.yetkinbayer.com\/tr\/wp-json\/wp\/v2\/pages\/8320","targetHints":{"allow":["GET"]}}],"collection":[{"href":"https:\/\/www.yetkinbayer.com\/tr\/wp-json\/wp\/v2\/pages"}],"about":[{"href":"https:\/\/www.yetkinbayer.com\/tr\/wp-json\/wp\/v2\/types\/page"}],"author":[{"embeddable":true,"href":"https:\/\/www.yetkinbayer.com\/tr\/wp-json\/wp\/v2\/users\/1"}],"replies":[{"embeddable":true,"href":"https:\/\/www.yetkinbayer.com\/tr\/wp-json\/wp\/v2\/comments?post=8320"}],"version-history":[{"count":2,"href":"https:\/\/www.yetkinbayer.com\/tr\/wp-json\/wp\/v2\/pages\/8320\/revisions"}],"predecessor-version":[{"id":8322,"href":"https:\/\/www.yetkinbayer.com\/tr\/wp-json\/wp\/v2\/pages\/8320\/revisions\/8322"}],"up":[{"embeddable":true,"href":"https:\/\/www.yetkinbayer.com\/tr\/wp-json\/wp\/v2\/pages\/8418"}],"wp:attachment":[{"href":"https:\/\/www.yetkinbayer.com\/tr\/wp-json\/wp\/v2\/media?parent=8320"}],"curies":[{"name":"wp","href":"https:\/\/api.w.org\/{rel}","templated":true}]}}