{"id":8315,"date":"2025-05-05T19:24:01","date_gmt":"2025-05-05T16:24:01","guid":{"rendered":"https:\/\/www.yetkinbayer.com\/?page_id=8315"},"modified":"2025-05-09T13:39:39","modified_gmt":"2025-05-09T10:39:39","slug":"plazma-pen","status":"publish","type":"page","link":"https:\/\/www.yetkinbayer.com\/tr\/medikal-estetik\/plazma-pen\/","title":{"rendered":"PLAZMA PEN"},"content":{"rendered":"<p>Plazma Pen, cilt gen\u00e7le\u015ftirme, sarkma tedavisi ve yara izlerinin iyile\u015ftirilmesi gibi estetik uygulamalarda kullan\u0131lan son teknoloji bir cihazd\u0131r. Bu tedavi, plazma enerjisi kullanarak cildin alt katmanlar\u0131na \u0131s\u0131nma sa\u011flar, bu da ciltte yenileme ve s\u0131k\u0131la\u015fma etkisi yarat\u0131r. Plazma Pen, cerrahi m\u00fcdahale olmadan, ciltteki sorunlar\u0131 \u00e7\u00f6zmeyi ama\u00e7layan bir tedavi se\u00e7ene\u011fidir.<\/p>\n<h2>Plazma Pen Kullan\u0131m Alanlar\u0131<\/h2>\n<ul>\n<li>Cilt S\u0131k\u0131la\u015ft\u0131rma<\/li>\n<li>K\u0131r\u0131\u015f\u0131kl\u0131k ve \u0130nce \u00c7izgiler<\/li>\n<li>Yara ve Akne \u0130zleri<\/li>\n<li>Ameliyats\u0131z G\u00f6z Kapa\u011f\u0131 Esteti\u011fi<\/li>\n<li>G\u00f6z Alt\u0131 Torbalar\u0131 ve \u015ei\u015flikler<\/li>\n<li>Si\u011filler ve Et Benleri<\/li>\n<\/ul>\n<h3>Etki ve S\u00fcresi<\/h3>\n<p>Etkisi an\u0131nda g\u00f6zlemlenmeye ba\u015flar. 1-2 hafta i\u00e7erisinde doku kendini yeniler. 1 ayda sonu\u00e7 tamamen g\u00f6zle g\u00f6r\u00fcl\u00fcr.<\/p>\n<h3 class=\"\" data-start=\"219\" data-end=\"281\"><strong data-start=\"223\" data-end=\"281\">Plazma Pen Tedavisi Hakk\u0131nda S\u0131k Sorulan Sorular (SSS)<\/strong><\/h3>\n<ol>\n<li><strong data-start=\"283\" data-end=\"324\">Plazma Pen nedir ve nas\u0131l \u00e7al\u0131\u015f\u0131r?<\/strong><br data-start=\"324\" data-end=\"327\" \/>Plazma Pen, cerrahi olmayan cilt yenileme ve s\u0131k\u0131la\u015ft\u0131rma ama\u00e7l\u0131 kullan\u0131lan bir cihazd\u0131r. Havadaki gazlar\u0131 iyonize ederek plazma enerjisi olu\u015fturur. Bu enerji, cildin y\u00fczeyine temas etmeden mikroskobik \u0131s\u0131 noktalar\u0131 olu\u015fturur ve cildin \u00fcst katmanlar\u0131nda kontroll\u00fc hasar meydana getirir. B\u00f6ylece v\u00fccut kendi onar\u0131m s\u00fcrecini ba\u015flatarak <strong data-start=\"661\" data-end=\"701\">kolajen ve elastin \u00fcretimini art\u0131r\u0131r<\/strong>.<\/li>\n<li><strong data-start=\"704\" data-end=\"762\">Hangi estetik sorunlarda Plazma Pen kullan\u0131labilir?<\/strong><br data-start=\"762\" data-end=\"765\" \/>Plazma Pen \u00e7ok y\u00f6nl\u00fc bir tedavi olup a\u015fa\u011f\u0131daki sorunlar\u0131n tedavisinde yayg\u0131n olarak kullan\u0131l\u0131r:\n<ul>\n<li data-start=\"865\" data-end=\"909\"><strong data-start=\"865\" data-end=\"907\">Cilt s\u0131k\u0131la\u015ft\u0131rma ve elastikiyet kayb\u0131<\/strong><\/li>\n<li data-start=\"912\" data-end=\"962\"><strong data-start=\"912\" data-end=\"960\">\u0130nce \u00e7izgiler ve k\u0131r\u0131\u015f\u0131kl\u0131klar\u0131n azalt\u0131lmas\u0131<\/strong><\/li>\n<li data-start=\"965\" data-end=\"1015\"><strong data-start=\"965\" data-end=\"1013\">Yara ve akne izlerinin g\u00f6r\u00fcn\u00fcm\u00fcn\u00fc hafifletme<\/strong><\/li>\n<li data-start=\"1018\" data-end=\"1098\"><strong data-start=\"1018\" data-end=\"1096\">G\u00f6z kapa\u011f\u0131 sarkmalar\u0131nda ameliyats\u0131z \u201cblefaroplasti\u201d (g\u00f6z kapa\u011f\u0131 esteti\u011fi)<\/strong><\/li>\n<li data-start=\"1101\" data-end=\"1138\"><strong data-start=\"1101\" data-end=\"1136\">G\u00f6z alt\u0131 torbalar\u0131 ve \u015fi\u015flikler<\/strong><\/li>\n<li data-start=\"1141\" data-end=\"1197\"><strong data-start=\"1141\" data-end=\"1197\">Si\u011filler ve et benlerinin tedavisi (doktor onay\u0131yla)<\/strong><\/li>\n<\/ul>\n<\/li>\n<li><strong data-start=\"1199\" data-end=\"1248\">Etkisi ne zaman g\u00f6r\u00fcl\u00fcr ve ne kadar s\u00fcrer?<\/strong><br data-start=\"1248\" data-end=\"1251\" \/>Tedavi sonras\u0131 <strong data-start=\"1266\" data-end=\"1304\">etkiler hemen g\u00f6zlemlenmeye ba\u015flar<\/strong>, ancak cilt yenilenmesi ve iyile\u015fme s\u00fcreciyle birlikte <strong data-start=\"1360\" data-end=\"1401\">1-2 hafta i\u00e7inde doku kendini yeniler<\/strong>. Nihai sonu\u00e7lar genellikle <strong data-start=\"1429\" data-end=\"1444\">1 ay i\u00e7inde<\/strong> tam olarak ortaya \u00e7\u0131kar. Etki s\u00fcresi ki\u015fisel fakt\u00f6rlere ba\u011fl\u0131 olmakla birlikte, 6-12 ay veya daha uzun s\u00fcrebilir.<\/li>\n<li><strong data-start=\"1560\" data-end=\"1615\">Uygulama s\u0131ras\u0131nda veya sonras\u0131nda a\u011fr\u0131 olur mu?<\/strong><br data-start=\"1615\" data-end=\"1618\" \/>\u0130\u015flem \u00f6ncesinde uygulanan lokal anestezik krem sayesinde i\u015flem s\u0131ras\u0131nda hissedilen rahats\u0131zl\u0131k genellikle olduk\u00e7a azd\u0131r. Sonras\u0131nda birka\u00e7 g\u00fcn boyunca <strong data-start=\"1770\" data-end=\"1807\">hafif yanma, kabuklanma veya \u00f6dem<\/strong> g\u00f6r\u00fclebilir. Bu, cildin kendini onarma s\u00fcrecinin do\u011fal bir par\u00e7as\u0131d\u0131r.<\/li>\n<li><strong data-start=\"1880\" data-end=\"1939\">Plazma Pen i\u015flemi sonras\u0131 nelere dikkat edilmelidir?<\/strong>\n<ul>\n<li data-start=\"1944\" data-end=\"2012\">Uygulama sonras\u0131 olu\u015fan kabuklara dokunulmamal\u0131, kopar\u0131lmamal\u0131d\u0131r.<\/li>\n<li data-start=\"2015\" data-end=\"2100\">Cilt mutlaka <strong data-start=\"2028\" data-end=\"2050\">g\u00fcne\u015ften korunmal\u0131<\/strong>, y\u00fcksek SPF i\u00e7eren g\u00fcne\u015f kremi kullan\u0131lmal\u0131d\u0131r.<\/li>\n<li data-start=\"2103\" data-end=\"2165\">Makyaj uygulamas\u0131 iyile\u015fme tamamlanana kadar ertelenmelidir.<\/li>\n<li data-start=\"2168\" data-end=\"2257\">Hekimin \u00f6nerdi\u011fi <strong data-start=\"2185\" data-end=\"2225\">nemlendirici ve iyile\u015ftirici kremler<\/strong> d\u00fczenli olarak kullan\u0131lmal\u0131d\u0131r.<\/li>\n<\/ul>\n<\/li>\n<li><strong data-start=\"2259\" data-end=\"2297\">Her cilt tipi i\u00e7in uygun mudur?<\/strong><br data-start=\"2297\" data-end=\"2300\" \/>Plazma Pen a\u00e7\u0131k ten rengine sahip bireylerde daha g\u00fcvenli kabul edilir. Koyu cilt tiplerinde <strong data-start=\"2393\" data-end=\"2433\">hiperpigmentasyon (cilt lekelenmesi)<\/strong> riski daha y\u00fcksek olabilece\u011fi i\u00e7in uzman de\u011ferlendirmesi \u00f6nemlidir.<\/li>\n<li><strong data-start=\"2503\" data-end=\"2569\">Plazma Pen ile lazer veya alt\u0131n i\u011fne aras\u0131ndaki fark nedir?<\/strong><br data-start=\"2569\" data-end=\"2572\" \/>Plazma Pen do\u011frudan cilt y\u00fczeyine etki ederek epidermisi hedef al\u0131rken; lazer tedavileri ve alt\u0131n i\u011fne daha derin katmanlara ula\u015farak kolajen \u00fcretimini farkl\u0131 mekanizmalarla tetikler. Plazma Pen daha noktasal, lokal etki sa\u011flar ve \u00f6zellikle g\u00f6z kapa\u011f\u0131 gibi hassas b\u00f6lgelerde tercih edilir.<\/li>\n<\/ol>\n","protected":false},"excerpt":{"rendered":"<p>Plazma Pen, cilt gen\u00e7le\u015ftirme, sarkma tedavisi ve yara izlerinin iyile\u015ftirilmesi gibi estetik uygulamalarda kullan\u0131lan son teknoloji bir cihazd\u0131r. Bu tedavi, plazma enerjisi kullanarak cildin alt katmanlar\u0131na \u0131s\u0131nma sa\u011flar, bu da ciltte yenileme ve s\u0131k\u0131la\u015fma etkisi yarat\u0131r. Plazma Pen, cerrahi m\u00fcdahale olmadan, ciltteki sorunlar\u0131 \u00e7\u00f6zmeyi ama\u00e7layan bir tedavi se\u00e7ene\u011fidir. Plazma Pen Kullan\u0131m Alanlar\u0131 Cilt S\u0131k\u0131la\u015ft\u0131rma K\u0131r\u0131\u015f\u0131kl\u0131k [&hellip;]<\/p>\n","protected":false},"author":1,"featured_media":0,"parent":8418,"menu_order":0,"comment_status":"closed","ping_status":"closed","template":"","meta":{"footnotes":""},"class_list":["post-8315","page","type-page","status-publish","hentry"],"_links":{"self":[{"href":"https:\/\/www.yetkinbayer.com\/tr\/wp-json\/wp\/v2\/pages\/8315","targetHints":{"allow":["GET"]}}],"collection":[{"href":"https:\/\/www.yetkinbayer.com\/tr\/wp-json\/wp\/v2\/pages"}],"about":[{"href":"https:\/\/www.yetkinbayer.com\/tr\/wp-json\/wp\/v2\/types\/page"}],"author":[{"embeddable":true,"href":"https:\/\/www.yetkinbayer.com\/tr\/wp-json\/wp\/v2\/users\/1"}],"replies":[{"embeddable":true,"href":"https:\/\/www.yetkinbayer.com\/tr\/wp-json\/wp\/v2\/comments?post=8315"}],"version-history":[{"count":2,"href":"https:\/\/www.yetkinbayer.com\/tr\/wp-json\/wp\/v2\/pages\/8315\/revisions"}],"predecessor-version":[{"id":8317,"href":"https:\/\/www.yetkinbayer.com\/tr\/wp-json\/wp\/v2\/pages\/8315\/revisions\/8317"}],"up":[{"embeddable":true,"href":"https:\/\/www.yetkinbayer.com\/tr\/wp-json\/wp\/v2\/pages\/8418"}],"wp:attachment":[{"href":"https:\/\/www.yetkinbayer.com\/tr\/wp-json\/wp\/v2\/media?parent=8315"}],"curies":[{"name":"wp","href":"https:\/\/api.w.org\/{rel}","templated":true}]}}