{"id":8311,"date":"2025-05-05T19:17:24","date_gmt":"2025-05-05T16:17:24","guid":{"rendered":"https:\/\/www.yetkinbayer.com\/?page_id=8311"},"modified":"2025-05-09T13:39:33","modified_gmt":"2025-05-09T10:39:33","slug":"hi-fu","status":"publish","type":"page","link":"https:\/\/www.yetkinbayer.com\/tr\/medikal-estetik\/hi-fu\/","title":{"rendered":"HI-FU"},"content":{"rendered":"<p>HIFU (High-lntensity Focused Ultrasound), y\u00fcksek yo\u011funluklu odaklanm\u0131\u015f ultrason teknolojisini kullanan bir estetik tedavi y\u00f6ntemidir. HIFU, cilt alt\u0131ndaki dokular\u0131 hedef alarak, cilt s\u0131k\u0131la\u015ft\u0131rma, gen\u00e7le\u015ftirme ve y\u00fcz germe gibi ama\u00e7larla kullan\u0131l\u0131r. HIFU, invaziv olmayan (cerrahi m\u00fcdahale gerektirmeyen) bir y\u00f6ntemdir<\/p>\n<h2>HI-FU Kullan\u0131m Alanlar\u0131<\/h2>\n<ul>\n<li>K\u0131r\u0131\u015f\u0131kl\u0131k azaltma<\/li>\n<li>Cilt s\u0131k\u0131la\u015ftlrma<\/li>\n<li>Ka\u015f Kald\u0131rma<\/li>\n<li>\u00c7ene Hatt\u0131 Belirginle\u015ftirme<\/li>\n<li>B\u00f6lgesel \u0130ncelme<\/li>\n<\/ul>\n<h3>Etki ve Su\u0308resi<\/h3>\n<p>\u0130lk 2 hafta yap\u0131lan b\u00f6lgede \u00f6dem ve \u015fi\u015fme olabilir. Etkisi 2. aydan itibaren g\u00f6ru\u0308lmeye ba\u015flan\u0131r.<\/p>\n<h3 class=\"\" data-start=\"227\" data-end=\"314\"><strong data-start=\"231\" data-end=\"314\">HIFU (Y\u00fcksek Yo\u011funluklu Odaklanm\u0131\u015f Ultrason) Hakk\u0131nda S\u0131k Sorulan Sorular (SSS)<\/strong><\/h3>\n<ol>\n<li data-start=\"316\" data-end=\"702\"><strong data-start=\"316\" data-end=\"351\">HIFU nedir ve nas\u0131l \u00e7al\u0131\u015f\u0131r?<\/strong><br data-start=\"351\" data-end=\"354\" \/>HIFU (High-Intensity Focused Ultrasound), cerrahi olmayan bir estetik tedavi y\u00f6ntemidir. Bu teknoloji, cilt y\u00fczeyine zarar vermeden cilt alt\u0131ndaki derin doku katmanlar\u0131na odaklanarak y\u00fcksek yo\u011funluklu ultrason dalgalar\u0131 g\u00f6nderir. Bu dalgalar, \u0131s\u0131 enerjisi olu\u015fturarak <strong data-start=\"622\" data-end=\"652\">kolajen \u00fcretimini tetikler<\/strong> ve zamanla ciltte s\u0131k\u0131la\u015fma ve toparlanma sa\u011flar.<\/li>\n<li data-start=\"704\" data-end=\"846\"><strong data-start=\"704\" data-end=\"741\">Hangi b\u00f6lgelere uygulanabilir?<\/strong><br data-start=\"741\" data-end=\"744\" \/>HIFU, y\u00fcz ve v\u00fccutta \u00e7e\u015fitli b\u00f6lgelere g\u00fcvenle uygulanabilir. En s\u0131k kullan\u0131ld\u0131\u011f\u0131 alanlar \u015funlard\u0131r:\n<ul>\n<li data-start=\"849\" data-end=\"893\"><strong data-start=\"849\" data-end=\"891\">Y\u00fcz gen\u00e7le\u015ftirme ve k\u0131r\u0131\u015f\u0131kl\u0131k azaltma<\/strong><\/li>\n<li data-start=\"896\" data-end=\"914\"><strong data-start=\"896\" data-end=\"912\">Ka\u015f kald\u0131rma<\/strong><\/li>\n<li data-start=\"917\" data-end=\"960\"><strong data-start=\"917\" data-end=\"958\">\u00c7ene hatt\u0131 (jawline) belirginle\u015ftirme<\/strong><\/li>\n<li data-start=\"963\" data-end=\"992\"><strong data-start=\"963\" data-end=\"990\">Boyun ve g\u0131d\u0131 toparlama<\/strong><\/li>\n<li data-start=\"995\" data-end=\"1044\"><strong data-start=\"995\" data-end=\"1044\">Kar\u0131n, basen gibi b\u00f6lgelerde b\u00f6lgesel incelme<\/strong><\/li>\n<\/ul>\n<\/li>\n<li data-start=\"1046\" data-end=\"1426\"><strong data-start=\"1046\" data-end=\"1095\">Etkisi ne zaman g\u00f6r\u00fcl\u00fcr ve ne kadar s\u00fcrer?<\/strong><br data-start=\"1095\" data-end=\"1098\" \/>HIFU uygulamas\u0131n\u0131n etkileri genellikle <strong data-start=\"1137\" data-end=\"1158\">2. aydan itibaren<\/strong> belirginle\u015fmeye ba\u015flar. Kolajen \u00fcretimi zamanla artt\u0131\u011f\u0131 i\u00e7in sonu\u00e7lar <strong data-start=\"1229\" data-end=\"1255\">3. ayda zirveye ula\u015f\u0131r<\/strong>. Etki s\u00fcresi ki\u015fisel fakt\u00f6rlere g\u00f6re de\u011fi\u015fmekle birlikte genellikle <strong data-start=\"1324\" data-end=\"1336\">12-18 ay<\/strong> kadar kal\u0131c\u0131d\u0131r. Uygulama sonras\u0131 ilk 1-2 hafta b\u00f6lgede \u00f6dem ve hafif \u015fi\u015flik g\u00f6r\u00fclebilir.<\/li>\n<li data-start=\"1428\" data-end=\"1669\"><strong data-start=\"1428\" data-end=\"1473\">Uygulama s\u0131ras\u0131nda a\u011fr\u0131 hissedilir mi?<\/strong><br data-start=\"1473\" data-end=\"1476\" \/>HIFU s\u0131ras\u0131nda hafif yanma ya da batma hissi olabilir. Bu, enerjinin cilt alt\u0131na ula\u015ft\u0131\u011f\u0131n\u0131 g\u00f6sterir. \u00c7o\u011fu ki\u015fi i\u015flem s\u0131ras\u0131nda hafif rahats\u0131zl\u0131k hisseder ancak genellikle anestezi gerektirmez.<\/li>\n<li data-start=\"1671\" data-end=\"1862\"><strong data-start=\"1671\" data-end=\"1711\">Ka\u00e7 seans HIFU yap\u0131lmas\u0131 gerekir?<\/strong><br data-start=\"1711\" data-end=\"1714\" \/>Genellikle <strong data-start=\"1725\" data-end=\"1738\">tek seans<\/strong> yeterlidir. Ancak cilt yap\u0131s\u0131, ya\u015f ve hedeflenen sonu\u00e7lara g\u00f6re baz\u0131 bireylerde <strong data-start=\"1819\" data-end=\"1834\">y\u0131lda 1 kez<\/strong>tekrarlanmas\u0131 \u00f6nerilebilir.<\/li>\n<li data-start=\"1864\" data-end=\"2106\"><strong data-start=\"1864\" data-end=\"1903\">HIFU kimler i\u00e7in uygun de\u011fildir?<\/strong><br data-start=\"1903\" data-end=\"1906\" \/>A\u015f\u0131r\u0131 sarkma, \u00e7ok derin k\u0131r\u0131\u015f\u0131kl\u0131klar, aktif enfeksiyon veya a\u00e7\u0131k yara bulunan b\u00f6lgeler, hamilelik ve baz\u0131 cilt hastal\u0131klar\u0131nda HIFU \u00f6nerilmez. Uygulama \u00f6ncesi uzman bir hekim de\u011ferlendirmesi \u015fartt\u0131r.<\/li>\n<li data-start=\"2108\" data-end=\"2474\"><strong data-start=\"2108\" data-end=\"2177\">HIFU ile lazer veya alt\u0131n i\u011fne tedavileri aras\u0131nda fark nedir?<\/strong><br data-start=\"2177\" data-end=\"2180\" \/>HIFU, cilt alt\u0131ndaki <strong data-start=\"2201\" data-end=\"2231\">SMAS (kas zar\u0131) tabakas\u0131na<\/strong> kadar ula\u015farak daha derin bir s\u0131k\u0131la\u015ft\u0131rma sa\u011flar. Lazer ve alt\u0131n i\u011fne ise daha y\u00fczeysel katmanlara etki eder. Bu nedenle HIFU, ameliyats\u0131z y\u00fcz germe etkisine en yak\u0131n y\u00f6ntemlerden biridir. Kombine tedavilerle daha etkili sonu\u00e7lar al\u0131nabilir.<\/li>\n<\/ol>\n","protected":false},"excerpt":{"rendered":"<p>HIFU (High-lntensity Focused Ultrasound), y\u00fcksek yo\u011funluklu odaklanm\u0131\u015f ultrason teknolojisini kullanan bir estetik tedavi y\u00f6ntemidir. HIFU, cilt alt\u0131ndaki dokular\u0131 hedef alarak, cilt s\u0131k\u0131la\u015ft\u0131rma, gen\u00e7le\u015ftirme ve y\u00fcz germe gibi ama\u00e7larla kullan\u0131l\u0131r. HIFU, invaziv olmayan (cerrahi m\u00fcdahale gerektirmeyen) bir y\u00f6ntemdir HI-FU Kullan\u0131m Alanlar\u0131 K\u0131r\u0131\u015f\u0131kl\u0131k azaltma Cilt s\u0131k\u0131la\u015ftlrma Ka\u015f Kald\u0131rma \u00c7ene Hatt\u0131 Belirginle\u015ftirme B\u00f6lgesel \u0130ncelme Etki ve Su\u0308resi \u0130lk [&hellip;]<\/p>\n","protected":false},"author":1,"featured_media":0,"parent":8418,"menu_order":0,"comment_status":"closed","ping_status":"closed","template":"","meta":{"footnotes":""},"class_list":["post-8311","page","type-page","status-publish","hentry"],"_links":{"self":[{"href":"https:\/\/www.yetkinbayer.com\/tr\/wp-json\/wp\/v2\/pages\/8311","targetHints":{"allow":["GET"]}}],"collection":[{"href":"https:\/\/www.yetkinbayer.com\/tr\/wp-json\/wp\/v2\/pages"}],"about":[{"href":"https:\/\/www.yetkinbayer.com\/tr\/wp-json\/wp\/v2\/types\/page"}],"author":[{"embeddable":true,"href":"https:\/\/www.yetkinbayer.com\/tr\/wp-json\/wp\/v2\/users\/1"}],"replies":[{"embeddable":true,"href":"https:\/\/www.yetkinbayer.com\/tr\/wp-json\/wp\/v2\/comments?post=8311"}],"version-history":[{"count":4,"href":"https:\/\/www.yetkinbayer.com\/tr\/wp-json\/wp\/v2\/pages\/8311\/revisions"}],"predecessor-version":[{"id":8404,"href":"https:\/\/www.yetkinbayer.com\/tr\/wp-json\/wp\/v2\/pages\/8311\/revisions\/8404"}],"up":[{"embeddable":true,"href":"https:\/\/www.yetkinbayer.com\/tr\/wp-json\/wp\/v2\/pages\/8418"}],"wp:attachment":[{"href":"https:\/\/www.yetkinbayer.com\/tr\/wp-json\/wp\/v2\/media?parent=8311"}],"curies":[{"name":"wp","href":"https:\/\/api.w.org\/{rel}","templated":true}]}}