{"id":4346,"date":"2025-05-05T10:35:56","date_gmt":"2025-05-05T07:35:56","guid":{"rendered":"https:\/\/www.yetkinbayer.com\/?page_id=4346"},"modified":"2025-04-29T18:06:47","modified_gmt":"2025-04-29T15:06:47","slug":"berkin-gence","status":"publish","type":"page","link":"https:\/\/www.yetkinbayer.com\/tr\/berkin-gence\/","title":{"rendered":"Dr.Berkin Gence"},"content":{"rendered":"<p><strong>Toplam Deneyim Y\u0131l\u0131:<\/strong> 6<\/p>\n<p>Dr. Berkin Gence, 1994 y\u0131l\u0131nda \u0130stanbul, T\u00fcrkiye&#8217;de do\u011fmu\u015ftur. \u0130lk, orta ve lise e\u011fitimini \u0130stanbul&#8217;da tamamlam\u0131\u015ft\u0131r.<\/p>\n<p>Dr. Berkin, 2019 y\u0131l\u0131nda \u0130stanbul Medipol \u00dcniversitesi T\u0131p Fak\u00fcltesi&#8217;nden ba\u015far\u0131yla mezun olmu\u015ftur.<\/p>\n<p>Bir s\u00fcre acil serviste \u00e7al\u0131\u015fm\u0131\u015ft\u0131r. T\u0131p e\u011fitimi s\u0131ras\u0131nda Dr. Bayer Kliniklerinde sa\u00e7 ekimi ve medikal esteti\u011fin inceliklerini \u00f6\u011frenmi\u015f ve bu alanlarda uzmanla\u015fm\u0131\u015ft\u0131r. Buna ek olarak, hem sa\u00e7 ekimi hem de medikal estetikle ilgili kongre, seminer ve sertifika programlar\u0131na kat\u0131lm\u0131\u015ft\u0131r. Deneyimlerini kullanarak hem bilgilerini g\u00fcncellemi\u015f hem de t\u0131bbi becerilerini geli\u015ftirmi\u015ftir.<\/p>\n<p>G\u00fczellik ve estetik alan\u0131ndaki yeni trendleri yak\u0131ndan takip etmekte ve \u00e7al\u0131\u015fmalar\u0131nda uygulamaktad\u0131r.<\/p>\n","protected":false},"excerpt":{"rendered":"<p>Toplam Deneyim Y\u0131l\u0131: 6 Dr. Berkin Gence, 1994 y\u0131l\u0131nda \u0130stanbul, T\u00fcrkiye&#8217;de do\u011fmu\u015ftur. \u0130lk, orta ve lise e\u011fitimini \u0130stanbul&#8217;da tamamlam\u0131\u015ft\u0131r. Dr. Berkin, 2019 y\u0131l\u0131nda \u0130stanbul Medipol \u00dcniversitesi T\u0131p Fak\u00fcltesi&#8217;nden ba\u015far\u0131yla mezun olmu\u015ftur. Bir s\u00fcre acil serviste \u00e7al\u0131\u015fm\u0131\u015ft\u0131r. T\u0131p e\u011fitimi s\u0131ras\u0131nda Dr. Bayer Kliniklerinde sa\u00e7 ekimi ve medikal esteti\u011fin inceliklerini \u00f6\u011frenmi\u015f ve bu alanlarda uzmanla\u015fm\u0131\u015ft\u0131r. Buna ek [&hellip;]<\/p>\n","protected":false},"author":1,"featured_media":1997,"parent":0,"menu_order":0,"comment_status":"closed","ping_status":"closed","template":"","meta":{"footnotes":""},"class_list":["post-4346","page","type-page","status-publish","has-post-thumbnail","hentry"],"_links":{"self":[{"href":"https:\/\/www.yetkinbayer.com\/tr\/wp-json\/wp\/v2\/pages\/4346","targetHints":{"allow":["GET"]}}],"collection":[{"href":"https:\/\/www.yetkinbayer.com\/tr\/wp-json\/wp\/v2\/pages"}],"about":[{"href":"https:\/\/www.yetkinbayer.com\/tr\/wp-json\/wp\/v2\/types\/page"}],"author":[{"embeddable":true,"href":"https:\/\/www.yetkinbayer.com\/tr\/wp-json\/wp\/v2\/users\/1"}],"replies":[{"embeddable":true,"href":"https:\/\/www.yetkinbayer.com\/tr\/wp-json\/wp\/v2\/comments?post=4346"}],"version-history":[{"count":1,"href":"https:\/\/www.yetkinbayer.com\/tr\/wp-json\/wp\/v2\/pages\/4346\/revisions"}],"predecessor-version":[{"id":4353,"href":"https:\/\/www.yetkinbayer.com\/tr\/wp-json\/wp\/v2\/pages\/4346\/revisions\/4353"}],"wp:featuredmedia":[{"embeddable":true,"href":"https:\/\/www.yetkinbayer.com\/tr\/wp-json\/wp\/v2\/media\/1997"}],"wp:attachment":[{"href":"https:\/\/www.yetkinbayer.com\/tr\/wp-json\/wp\/v2\/media?parent=4346"}],"curies":[{"name":"wp","href":"https:\/\/api.w.org\/{rel}","templated":true}]}}