{"id":2377,"date":"2025-05-05T10:21:21","date_gmt":"2025-05-05T07:21:21","guid":{"rendered":"https:\/\/www.yetkinbayer.com\/hakkimizda\/"},"modified":"2025-05-29T15:59:46","modified_gmt":"2025-05-29T12:59:46","slug":"hakkimizda","status":"publish","type":"page","link":"https:\/\/www.yetkinbayer.com\/tr\/hakkimizda\/","title":{"rendered":"Hakk\u0131m\u0131zda"},"content":{"rendered":"<p><strong>Uygulamada Toplam Y\u0131l: 32<\/strong><\/p>\n<p class=\"p1\">\u0130lk, orta ve lise e\u011fitimini \u0130stanbul&#8217;da tamamlayan Dr. Yetkin Bayer, e\u011fitimine T.\u00dc. T\u0131p Fak\u00fcltesi&#8217;nde devam ederek t\u0131p doktoru oldu. Afyon&#8217;da 2 y\u0131l \u00e7al\u0131\u015ft\u0131ktan sonra mecburi hizmetini tamamlayarak ABD&#8217;ye yerle\u015fti.<br \/>\n<strong>Austin ve Philadelphia<\/strong> gibi ABD&#8217;nin \u00e7e\u015fitli yerlerinde ya\u015farken <strong>sa\u00e7 ekimi ve medikal estetik<\/strong> konular\u0131nda ara\u015ft\u0131rmalar yapt\u0131 ve workshoplara kat\u0131ld\u0131.<\/p>\n<h2><strong><img loading=\"lazy\" decoding=\"async\" class=\"alignleft wp-image-752\" src=\"https:\/\/www.yetkinbayer.com\/wp-content\/uploads\/2025\/05\/hakkimizda.png\" alt=\"\" width=\"300\" height=\"334\" \/><\/strong><\/h2>\n<p class=\"p1\">Mart 1994<em>&#8216;<\/em>te Alabama<em>&#8216;<\/em>da d\u00fczenlenen <strong>Uluslararas\u0131 Sa\u00e7 De\u011fi\u015ftirme Cerrahisi Sempozyumu<\/strong><em>&#8216;na (An International Symposium: Hair Replacement Surgery-Mar&#8217;94<\/em>) kat\u0131ld\u0131.<\/p>\n<p class=\"p1\">\u0130lerleyen y\u0131llarda Plastik Cerrah O\u011fuz Nevit Erg\u00fcn ile birlikte Kaliforniya eyaletinde sa\u00e7 ekimi operasyonlar\u0131 ger\u00e7ekle\u015ftirmeye ba\u015flad\u0131 ve 1995 y\u0131l\u0131nda <strong>Amerikan Kozmetik Cerrahi Akademisi<\/strong> taraf\u0131ndan Century City, Kaliforniya&#8217;da d\u00fczenlenen Sa\u00e7 Restorasyonu <strong>Global<\/strong> Kongresi&#8217;ne kat\u0131ld\u0131<em>(A<\/em> <strong>merican Academy<\/strong><em>of Cosmetic Surgery- Hair Restoration 1st Global Convention: Jan&#8217;95<\/em>) yan\u0131 s\u0131ra \u00e7e\u015fitli seminer ve at\u00f6lye \u00e7al\u0131\u015fmalar\u0131na kat\u0131ld\u0131.<\/p>\n<p class=\"p1\">Dr. Yetkin BAYER, Amerika&#8217;da kald\u0131\u011f\u0131 10 y\u0131l boyunca Mezoterapi, Karboksiterapi, Peeling, Dolgu Uygulamalar\u0131, Mikrodermabrazyon, Lazer Tedavileri (Epilasyon, D\u00f6vme Silme, K\u0131lcal Damar Temizleme Tedavileri, Cilt Gen\u00e7le\u015ftirme ve Leke Tedavisi) alanlar\u0131nda Medikal Estetik \u00fczerine \u00e7e\u015fitli kongre ve medikal e\u011fitim seminerlerine kat\u0131lm\u0131\u015f ve bu alanlarda kendini geli\u015ftirmi\u015ftir.<\/p>\n<p class=\"p1\">T\u00fcrkiye&#8217;ye d\u00f6nd\u00fckten sonra T.C. Sa\u011fl\u0131k Bakanl\u0131\u011f\u0131 ve Sa\u011fl\u0131k Hizmetleri Genel M\u00fcd\u00fcrl\u00fc\u011f\u00fc taraf\u0131ndan verilen <strong>Medikal Estetik Uygulama Sertifikas\u0131<\/strong> &#8216;n\u0131 almaya hak kazanm\u0131\u015ft\u0131r. Ayr\u0131ca Dr. Bayer, Sa\u011fl\u0131k Bakanl\u0131\u011f\u0131 onayl\u0131 <strong>sertifikal\u0131 bir akupunkturist<\/strong> ve bilin\u00e7li hipnoz uygulamalar\u0131 da yapabilen bir hekimdir.<\/p>\n<p><strong>E\u011fitim:<\/strong><\/p>\n<ul>\n<li>T.\u00dc. T\u0131p Fak\u00fcltesi<\/li>\n<\/ul>\n<p><strong>Sertifikalar:<\/strong><\/p>\n<ul>\n<li>Sertifikal\u0131 Akupunkturist &#8211; Sa\u011fl\u0131k Bakanl\u0131\u011f\u0131<\/li>\n<\/ul>\n","protected":false},"excerpt":{"rendered":"<p>Uygulamada Toplam Y\u0131l: 32 \u0130lk, orta ve lise e\u011fitimini \u0130stanbul&#8217;da tamamlayan Dr. Yetkin Bayer, e\u011fitimine T.\u00dc. T\u0131p Fak\u00fcltesi&#8217;nde devam ederek t\u0131p doktoru oldu. Afyon&#8217;da 2 y\u0131l \u00e7al\u0131\u015ft\u0131ktan sonra mecburi hizmetini tamamlayarak ABD&#8217;ye yerle\u015fti. Austin ve Philadelphia gibi ABD&#8217;nin \u00e7e\u015fitli yerlerinde ya\u015farken sa\u00e7 ekimi ve medikal estetik konular\u0131nda ara\u015ft\u0131rmalar yapt\u0131 ve workshoplara kat\u0131ld\u0131. Mart 1994&#8216;te Alabama&#8216;da [&hellip;]<\/p>\n","protected":false},"author":1,"featured_media":0,"parent":0,"menu_order":0,"comment_status":"closed","ping_status":"closed","template":"","meta":{"footnotes":""},"class_list":["post-2377","page","type-page","status-publish","hentry"],"_links":{"self":[{"href":"https:\/\/www.yetkinbayer.com\/tr\/wp-json\/wp\/v2\/pages\/2377","targetHints":{"allow":["GET"]}}],"collection":[{"href":"https:\/\/www.yetkinbayer.com\/tr\/wp-json\/wp\/v2\/pages"}],"about":[{"href":"https:\/\/www.yetkinbayer.com\/tr\/wp-json\/wp\/v2\/types\/page"}],"author":[{"embeddable":true,"href":"https:\/\/www.yetkinbayer.com\/tr\/wp-json\/wp\/v2\/users\/1"}],"replies":[{"embeddable":true,"href":"https:\/\/www.yetkinbayer.com\/tr\/wp-json\/wp\/v2\/comments?post=2377"}],"version-history":[{"count":1,"href":"https:\/\/www.yetkinbayer.com\/tr\/wp-json\/wp\/v2\/pages\/2377\/revisions"}],"predecessor-version":[{"id":9495,"href":"https:\/\/www.yetkinbayer.com\/tr\/wp-json\/wp\/v2\/pages\/2377\/revisions\/9495"}],"wp:attachment":[{"href":"https:\/\/www.yetkinbayer.com\/tr\/wp-json\/wp\/v2\/media?parent=2377"}],"curies":[{"name":"wp","href":"https:\/\/api.w.org\/{rel}","templated":true}]}}