{"id":5305,"date":"2025-05-05T10:21:21","date_gmt":"2025-05-05T07:21:21","guid":{"rendered":"https:\/\/www.yetkinbayer.com\/about-us\/"},"modified":"2025-05-29T15:29:01","modified_gmt":"2025-05-29T12:29:01","slug":"over-ons","status":"publish","type":"page","link":"https:\/\/www.yetkinbayer.com\/nl\/over-ons\/","title":{"rendered":"Over ons"},"content":{"rendered":"<p><iframe loading=\"lazy\" title=\"Inside of a temple: a tour of hair transplantation clinic with Dr Bayer!\" src=\"https:\/\/www.youtube.com\/embed\/Sz5mG0qlt8U\" width=\"100%\" height=\"455\" frameborder=\"0\" allowfullscreen=\"allowfullscreen\"><span data-mce-type=\"bookmark\" style=\"display: inline-block; width: 0px; overflow: hidden; line-height: 0;\" class=\"mce_SELRES_start\">\ufeff<\/span><span data-mce-type=\"bookmark\" style=\"display: inline-block; width: 0px; overflow: hidden; line-height: 0;\" class=\"mce_SELRES_start\">\ufeff<\/span><span data-mce-type=\"bookmark\" style=\"display: inline-block; width: 0px; overflow: hidden; line-height: 0;\" class=\"mce_SELRES_start\">\ufeff<\/span><span data-mce-type=\"bookmark\" style=\"display: inline-block; width: 0px; overflow: hidden; line-height: 0;\" class=\"mce_SELRES_start\">\ufeff<\/span><span data-mce-type=\"bookmark\" style=\"display: inline-block; width: 0px; overflow: hidden; line-height: 0;\" class=\"mce_SELRES_start\">\ufeff<\/span><span data-mce-type=\"bookmark\" style=\"display: inline-block; width: 0px; overflow: hidden; line-height: 0;\" class=\"mce_SELRES_start\">\ufeff<\/span><\/iframe><\/p>\n<h2>Over ons \u2013 Dr. Yetkin Bayer<\/h2>\n<p>In de esthetische chirurgie is het mogelijk om natuurlijke, permanente en gepersonaliseerde resultaten te behalen, niet alleen door technische kennis, maar ook door een artistieke benadering. Dr. Yetkin Bayer biedt al jarenlang veilige, succesvolle en pati\u00ebntgerichte esthetische oplossingen aan, volgens dit principe. Hij wordt erkend als een van de pioniers in haartransplantatie en esthetische chirurgie in Turkije, en is zowel nationaal als internationaal bekend om zijn hoogwaardige praktijken.<\/p>\n<h2>Wie is Dr. Yetkin Bayer?<\/h2>\n<p class=\"p1\">Dr. Yetkin Bayer voltooide zijn basisonderwijs, middelbaar onderwijs en de middelbare school in Istanbul, en vervolgde zijn studie aan de Faculteit Geneeskunde van de Universiteit van Istanbul, waar hij zijn medische graad behaalde. Na zijn verplichte dienst in Afyon voor twee jaar, verhuisde hij naar de Verenigde Staten.<\/p>\n<p class=\"p1\">Tijdens zijn verblijf in verschillende steden zoals Austin en Philadelphia in de Verenigde Staten, voerde hij onderzoek uit en nam hij deel aan workshops over <strong>haartransplantatie en medische esthetiek<\/strong>.<\/p>\n<p class=\"p1\">In maart 1994 nam hij deel aan het <strong>Internationale Symposion voor Haartransplantatie Chirurgie<\/strong> gehouden in Alabama (<em>Internationaal Symposion: Haartransplantatie Chirurgie-Mar\u201994<\/em>).<\/p>\n<h2><strong><img loading=\"lazy\" decoding=\"async\" class=\"alignleft wp-image-752\" src=\"https:\/\/www.yetkinbayer.com\/wp-content\/uploads\/2025\/05\/hakkimizda.png\" alt=\"\" width=\"300\" height=\"334\" \/><\/strong><\/h2>\n<p class=\"p1\">In de daaropvolgende jaren werkte hij samen met plastisch chirurg O\u011fuz Nevit Erg\u00fcn in Californi\u00eb om haartransplantaties uit te voeren en nam hij deel aan de <strong>Global Hair Restoration Convention<\/strong> georganiseerd door de American Academy of Cosmetic Surgery in Century City, Californi\u00eb, in januari 1995 (<em>American Academy of Cosmetic Surgery &#8211; 1ste Global Convention for Hair Restoration: Jan\u201995<\/em>) en nam hij deel aan verschillende seminars en workshops.<\/p>\n<p class=\"p1\">Gedurende zijn 10 jaar in de Verenigde Staten, nam Dr. Bayer deel aan talrijke conferenties en medische opleidingsseminars over onderwerpen zoals mesotherapie, carboxytherapie, peeling, vulmiddelen, microdermabrasie, laserbehandelingen (laserontharing, tatoeageverwijdering, vaatbehandelingen, huidverjonging en pigmentbehandeling) om zijn vaardigheden in medische esthetiek te verbeteren.<\/p>\n<p class=\"p1\">Na zijn terugkeer naar Turkije behaalde hij het <strong>Medische Esthetische Toepassingscertificaat<\/strong> uitgegeven door het Ministerie van Volksgezondheid. Hij is ook gecertificeerd als <strong>acupunctuur specialist<\/strong> door het Ministerie van Volksgezondheid en een arts die bewust hypnosetechnieken kan toepassen.<\/p>\n<h3><strong>Opleiding:<\/strong><\/h3>\n<ul>\n<li>Faculteit Geneeskunde van de Universiteit van Istanbul<\/li>\n<\/ul>\n<h3><strong>Certificaten:<\/strong><\/h3>\n<ul>\n<li>Acupunctuur Specialist Gecertificeerd door het Ministerie van Volksgezondheid<\/li>\n<\/ul>\n<h2>Internationaal Succes en Vertrouwen<\/h2>\n<p>Dr. Yetkin Bayer biedt zijn diensten niet alleen aan pati\u00ebnten uit Turkije, maar ook uit de hele wereld. Zijn vermogen om pati\u00ebnten uit Europa, Amerika en het Midden-Oosten aan te trekken, komt door zijn hoge pati\u00ebnttevredenheid, transparante communicatie en ethische benadering. Dr. Bayer, die zijn pati\u00ebnten een uitgebreide service biedt, van de eerste consultatie tot de postoperatieve zorg en lange termijn follow-up, beschouwt het als een fundamenteel principe om met hen samen te werken bij elke stap. Bovendien is Dr. Bayer een actieve spreker op veel internationale platforms en heeft hij bijgedragen aan de wereld van esthetische chirurgie met zijn wetenschappelijke artikelen. Hij wordt beschouwd als een van de opkomende sterren van Turkije op het gebied van medisch toerisme.<\/p>\n<p><iframe loading=\"lazy\" title=\"Dr. Bayer Clinic | Hair Transplantation #shorts\" src=\"https:\/\/www.youtube.com\/embed\/RlVMxfcKF_A\" width=\"100%\" height=\"455\" frameborder=\"0\" allowfullscreen=\"allowfullscreen\"><span data-mce-type=\"bookmark\" style=\"display: inline-block; width: 0px; overflow: hidden; line-height: 0;\" class=\"mce_SELRES_start\">\ufeff<\/span><span data-mce-type=\"bookmark\" style=\"display: inline-block; width: 0px; overflow: hidden; line-height: 0;\" class=\"mce_SELRES_start\">\ufeff<\/span><\/iframe><\/p>\n<h2>Waarom Dr. Yetkin Bayer?<\/h2>\n<ul>\n<li>32 jaar ervaring in esthetische chirurgie<\/li>\n<li>Op maat gemaakte behandelplannen en natuurlijke resultaten<\/li>\n<li>Internationaal pati\u00ebntenportfolio en hoge tevredenheidsscore<\/li>\n<li>Geavanceerde technologische infrastructuur en hygi\u00ebnische klinische omgeving<\/li>\n<li>Bijdrage aan de esthetische wereld met zijn identiteit als docent<\/li>\n<li>Professioneel advies van het eerste consult tot de laatste follow-up<\/li>\n<\/ul>\n<h2>Onze Missie en Visie<\/h2>\n<p>Onze missie is om de meest geschikte esthetische oplossing voor elke pati\u00ebnt te bieden, zodat zij natuurlijke, gezonde en bevredigende resultaten bereiken. We bieden onze diensten met een aanpak die gevoelig is voor de unieke behoeften van elk individu, zonder ooit concessies te doen aan medische ethische principes. Onze visie is om van Turkije een wereldwijd merk te maken in esthetische chirurgie en wereldwijd erkend te worden als referentiepunt door middel van baanbrekende toepassingen in dit vakgebied.<\/p>\n","protected":false},"excerpt":{"rendered":"<p>\ufeff\ufeff\ufeff\ufeff\ufeff\ufeff Over ons \u2013 Dr. Yetkin Bayer In de esthetische chirurgie is het mogelijk om natuurlijke, permanente en gepersonaliseerde resultaten te behalen, niet alleen door technische kennis, maar ook door een artistieke benadering. Dr. Yetkin Bayer biedt al jarenlang veilige, succesvolle en pati\u00ebntgerichte esthetische oplossingen aan, volgens dit principe. Hij wordt erkend als een van [&hellip;]<\/p>\n","protected":false},"author":1,"featured_media":0,"parent":0,"menu_order":0,"comment_status":"closed","ping_status":"closed","template":"","meta":{"footnotes":""},"class_list":["post-5305","page","type-page","status-publish","hentry"],"_links":{"self":[{"href":"https:\/\/www.yetkinbayer.com\/nl\/wp-json\/wp\/v2\/pages\/5305","targetHints":{"allow":["GET"]}}],"collection":[{"href":"https:\/\/www.yetkinbayer.com\/nl\/wp-json\/wp\/v2\/pages"}],"about":[{"href":"https:\/\/www.yetkinbayer.com\/nl\/wp-json\/wp\/v2\/types\/page"}],"author":[{"embeddable":true,"href":"https:\/\/www.yetkinbayer.com\/nl\/wp-json\/wp\/v2\/users\/1"}],"replies":[{"embeddable":true,"href":"https:\/\/www.yetkinbayer.com\/nl\/wp-json\/wp\/v2\/comments?post=5305"}],"version-history":[{"count":3,"href":"https:\/\/www.yetkinbayer.com\/nl\/wp-json\/wp\/v2\/pages\/5305\/revisions"}],"predecessor-version":[{"id":9488,"href":"https:\/\/www.yetkinbayer.com\/nl\/wp-json\/wp\/v2\/pages\/5305\/revisions\/9488"}],"wp:attachment":[{"href":"https:\/\/www.yetkinbayer.com\/nl\/wp-json\/wp\/v2\/media?parent=5305"}],"curies":[{"name":"wp","href":"https:\/\/api.w.org\/{rel}","templated":true}]}}