{"id":6219,"date":"2025-05-05T10:35:56","date_gmt":"2025-05-05T07:35:56","guid":{"rendered":"https:\/\/www.yetkinbayer.com\/?page_id=6219"},"modified":"2025-04-30T17:49:19","modified_gmt":"2025-04-30T14:49:19","slug":"berkin-gence","status":"publish","type":"page","link":"https:\/\/www.yetkinbayer.com\/it\/berkin-gence\/","title":{"rendered":"Dr.Berkin Gence"},"content":{"rendered":"<p><strong>Totale anni di pratica: 6<\/strong><\/p>\n<p>Il Dr. Berkin Gence \u00e8 nato nel 1994 a Istanbul, Turchia. Ha completato la sua istruzione primaria, secondaria e superiore a Istanbul.<\/p>\n<p>Il Dr.Berkin si \u00e8 laureato con successo presso la Facolt\u00e0 di Medicina dell&#8217;Universit\u00e0 Medipol di Istanbul nel 2019.<\/p>\n<p>Ha lavorato per diversi anni nel servizio di emergenza.<br \/>\nHa imparato le complessit\u00e0 del trapianto di capelli e dell&#8217;estetica medica e si \u00e8 specializzato in questi campi presso le Cliniche Dr. Bayer durante la sua formazione medica. Oltre a ci\u00f2, ha anche partecipato a congressi, seminari e programmi di certificazione riguardanti sia il trapianto di capelli che l\u2019estetica medica. Usando le sue esperienze, ha aggiornato le sue conoscenze e migliorato le sue capacit\u00e0 mediche.<\/p>\n<p>Segue da vicino le nuove tendenze in bellezza ed estetica e le applica nel suo lavoro.<\/p>\n","protected":false},"excerpt":{"rendered":"<p>Totale anni di pratica: 6 Il Dr. Berkin Gence \u00e8 nato nel 1994 a Istanbul, Turchia. Ha completato la sua istruzione primaria, secondaria e superiore a Istanbul. Il Dr.Berkin si \u00e8 laureato con successo presso la Facolt\u00e0 di Medicina dell&#8217;Universit\u00e0 Medipol di Istanbul nel 2019. Ha lavorato per diversi anni nel servizio di emergenza. Ha [&hellip;]<\/p>\n","protected":false},"author":1,"featured_media":1994,"parent":0,"menu_order":0,"comment_status":"closed","ping_status":"closed","template":"","meta":{"footnotes":""},"class_list":["post-6219","page","type-page","status-publish","has-post-thumbnail","hentry"],"_links":{"self":[{"href":"https:\/\/www.yetkinbayer.com\/it\/wp-json\/wp\/v2\/pages\/6219","targetHints":{"allow":["GET"]}}],"collection":[{"href":"https:\/\/www.yetkinbayer.com\/it\/wp-json\/wp\/v2\/pages"}],"about":[{"href":"https:\/\/www.yetkinbayer.com\/it\/wp-json\/wp\/v2\/types\/page"}],"author":[{"embeddable":true,"href":"https:\/\/www.yetkinbayer.com\/it\/wp-json\/wp\/v2\/users\/1"}],"replies":[{"embeddable":true,"href":"https:\/\/www.yetkinbayer.com\/it\/wp-json\/wp\/v2\/comments?post=6219"}],"version-history":[{"count":1,"href":"https:\/\/www.yetkinbayer.com\/it\/wp-json\/wp\/v2\/pages\/6219\/revisions"}],"predecessor-version":[{"id":6220,"href":"https:\/\/www.yetkinbayer.com\/it\/wp-json\/wp\/v2\/pages\/6219\/revisions\/6220"}],"wp:featuredmedia":[{"embeddable":true,"href":"https:\/\/www.yetkinbayer.com\/it\/wp-json\/wp\/v2\/media\/1994"}],"wp:attachment":[{"href":"https:\/\/www.yetkinbayer.com\/it\/wp-json\/wp\/v2\/media?parent=6219"}],"curies":[{"name":"wp","href":"https:\/\/api.w.org\/{rel}","templated":true}]}}