{"id":8410,"date":"2025-05-05T19:12:11","date_gmt":"2025-05-05T16:12:11","guid":{"rendered":"https:\/\/www.yetkinbayer.com\/altin-igne\/"},"modified":"2025-11-26T14:12:07","modified_gmt":"2025-11-26T11:12:07","slug":"aiguille-dor","status":"publish","type":"page","link":"https:\/\/www.yetkinbayer.com\/fr\/aiguille-dor\/","title":{"rendered":"AIGUILLE D&rsquo;OR"},"content":{"rendered":"<p>L\u2019aiguille dor\u00e9e (\u00e9galement appel\u00e9e micro-aiguillage par radiofr\u00e9quence fractionn\u00e9e) est une m\u00e9thode esth\u00e9tique non chirurgicale utilis\u00e9e pour le rajeunissement et la fermet\u00e9 de la peau. Cette m\u00e9thode consiste \u00e0 ins\u00e9rer de tr\u00e8s fines aiguilles plaqu\u00e9es or dans la peau pour d\u00e9livrer de l&rsquo;\u00e9nergie radiofr\u00e9quence (RF) dans les couches profondes du derme. Ainsi, elle agit \u00e0 la fois sur la surface de la peau et sur les tissus profonds.<\/p>\n<h2>Domaines d\u2019utilisation de l\u2019Aiguille Dor\u00e9e<\/h2>\n<ul>\n<li>Rajeunissement et r\u00e9g\u00e9n\u00e9ration de la peau<\/li>\n<li>R\u00e9duction des ridules et des rides<\/li>\n<li>Fermet\u00e9 et am\u00e9lioration de l\u2019\u00e9lasticit\u00e9 de la peau<\/li>\n<li>Resserrement des pores<\/li>\n<li>Acn\u00e9 et cicatrices d\u2019acn\u00e9<\/li>\n<li>Traitement des taches pigmentaires<\/li>\n<li>Teint irr\u00e9gulier<\/li>\n<\/ul>\n<h3>Effet et Dur\u00e9e<\/h3>\n<p>3 \u00e0 6 s\u00e9ances sont recommand\u00e9es. Le temps de r\u00e9cup\u00e9ration varie selon la personne.<\/p>\n<h3 class=\"\" data-start=\"241\" data-end=\"325\"><strong data-start=\"245\" data-end=\"325\">Questions Fr\u00e9quemment Pos\u00e9es sur l\u2019Aiguille Dor\u00e9e (Micro-aiguillage RF fractionn\u00e9)<\/strong><\/h3>\n<ol>\n<li><strong data-start=\"327\" data-end=\"368\">Qu\u2019est-ce que l\u2019aiguille dor\u00e9e et comment fonctionne-t-elle ?<\/strong><br data-start=\"368\" data-end=\"371\" \/>L\u2019aiguille dor\u00e9e est une m\u00e9thode esth\u00e9tique non invasive utilis\u00e9e pour le rajeunissement et la fermet\u00e9 de la peau. Des micro-aiguilles plaqu\u00e9es or p\u00e9n\u00e8trent dans les couches profondes de la peau et y d\u00e9livrent de l\u2019\u00e9nergie radiofr\u00e9quence (RF). Cette \u00e9nergie thermique stimule la production de collag\u00e8ne et favorise la r\u00e9g\u00e9n\u00e9ration des tissus. Elle agit \u00e0 la fois en surface et en profondeur pour un double b\u00e9n\u00e9fice.<\/li>\n<li><strong data-start=\"744\" data-end=\"788\">Pour quels probl\u00e8mes de peau est-ce indiqu\u00e9 ?<\/strong><br data-start=\"788\" data-end=\"791\" \/>Le traitement par aiguille dor\u00e9e est efficace pour de nombreux probl\u00e8mes cutan\u00e9s. Les indications les plus courantes sont :\n<ul>\n<li data-start=\"900\" data-end=\"935\">Rajeunissement et r\u00e9g\u00e9n\u00e9ration de la peau<\/li>\n<li data-start=\"938\" data-end=\"988\">R\u00e9duction des ridules et des rides<\/li>\n<li data-start=\"991\" data-end=\"1036\">Fermet\u00e9 et am\u00e9lioration de l\u2019\u00e9lasticit\u00e9 de la peau<\/li>\n<li data-start=\"1039\" data-end=\"1065\">Resserrement des pores<\/li>\n<li data-start=\"1068\" data-end=\"1105\">Traitement de l\u2019acn\u00e9 et des cicatrices d\u2019acn\u00e9<\/li>\n<li data-start=\"1108\" data-end=\"1144\">Taches pigmentaires et teint irr\u00e9gulier<\/li>\n<\/ul>\n<\/li>\n<li><strong data-start=\"1146\" data-end=\"1206\">Combien de s\u00e9ances sont n\u00e9cessaires et quand voit-on les effets ?<\/strong><br data-start=\"1206\" data-end=\"1209\" \/>Pour de bons r\u00e9sultats, <strong data-start=\"1244\" data-end=\"1261\">3 \u00e0 6 s\u00e9ances<\/strong> sont g\u00e9n\u00e9ralement recommand\u00e9es. Un intervalle de 3 \u00e0 4 semaines est conseill\u00e9 entre les s\u00e9ances. Les premiers effets sont visibles apr\u00e8s quelques semaines, mais <strong data-start=\"1378\" data-end=\"1447\">l\u2019effet maximal appara\u00eet au bout de 2 \u00e0 3 mois<\/strong> avec l\u2019augmentation de la production de collag\u00e8ne.<\/li>\n<li><strong data-start=\"1458\" data-end=\"1500\">Le traitement est-il douloureux ?<\/strong><br data-start=\"1500\" data-end=\"1503\" \/>Une cr\u00e8me anesth\u00e9siante locale est appliqu\u00e9e avant la proc\u00e9dure, la douleur est donc g\u00e9n\u00e9ralement minime. Une l\u00e9g\u00e8re sensation de picotement peut \u00eatre ressentie, mais elle reste supportable.<\/li>\n<li><strong data-start=\"1686\" data-end=\"1735\">Comment se passe la r\u00e9cup\u00e9ration apr\u00e8s le traitement ?<\/strong><br data-start=\"1735\" data-end=\"1738\" \/>Apr\u00e8s l\u2019application, on peut observer <strong data-start=\"1787\" data-end=\"1831\">rougeurs, l\u00e9ger gonflement ou sensibilit\u00e9<\/strong> pendant quelques heures. Chez certains patients, de l\u00e9g\u00e8res cro\u00fbtes peuvent se former. Ces effets disparaissent en 1 \u00e0 3 jours. Il est conseill\u00e9 d\u2019hydrater la peau et de la prot\u00e9ger du soleil pendant quelques jours.<\/li>\n<li><strong data-start=\"1991\" data-end=\"2031\">Pour quels types de peau est-ce adapt\u00e9 ?<\/strong><br data-start=\"2031\" data-end=\"2034\" \/>Le traitement par aiguille dor\u00e9e convient <strong data-start=\"2065\" data-end=\"2085\">\u00e0 tous les types de peau<\/strong> et peut \u00eatre r\u00e9alis\u00e9 toute l\u2019ann\u00e9e. Contrairement \u00e0 certains lasers, le risque de pigmentation est plus faible, ce qui le rend s\u00fbr pour les peaux fonc\u00e9es.<\/li>\n<li><strong data-start=\"2241\" data-end=\"2274\">Les effets sont-ils durables ?<\/strong><br data-start=\"2274\" data-end=\"2277\" \/>Le traitement par aiguille dor\u00e9e ne stoppe pas compl\u00e8tement le vieillissement mais stimule la production de collag\u00e8ne, procurant ainsi un effet rajeunissant durable. Pour maintenir les r\u00e9sultats, 1 \u00e0 2 s\u00e9ances d\u2019entretien par an sont recommand\u00e9es.<\/li>\n<\/ol>\n","protected":false},"excerpt":{"rendered":"<p>L\u2019aiguille dor\u00e9e (\u00e9galement appel\u00e9e micro-aiguillage par radiofr\u00e9quence fractionn\u00e9e) est une m\u00e9thode esth\u00e9tique non chirurgicale utilis\u00e9e pour le rajeunissement et la fermet\u00e9 de la peau. Cette m\u00e9thode consiste \u00e0 ins\u00e9rer de tr\u00e8s fines aiguilles plaqu\u00e9es or dans la peau pour d\u00e9livrer de l&rsquo;\u00e9nergie radiofr\u00e9quence (RF) dans les couches profondes du derme. Ainsi, elle agit \u00e0 la [&hellip;]<\/p>\n","protected":false},"author":1,"featured_media":0,"parent":0,"menu_order":0,"comment_status":"closed","ping_status":"closed","template":"","meta":{"footnotes":""},"class_list":["post-8410","page","type-page","status-publish","hentry"],"_links":{"self":[{"href":"https:\/\/www.yetkinbayer.com\/fr\/wp-json\/wp\/v2\/pages\/8410","targetHints":{"allow":["GET"]}}],"collection":[{"href":"https:\/\/www.yetkinbayer.com\/fr\/wp-json\/wp\/v2\/pages"}],"about":[{"href":"https:\/\/www.yetkinbayer.com\/fr\/wp-json\/wp\/v2\/types\/page"}],"author":[{"embeddable":true,"href":"https:\/\/www.yetkinbayer.com\/fr\/wp-json\/wp\/v2\/users\/1"}],"replies":[{"embeddable":true,"href":"https:\/\/www.yetkinbayer.com\/fr\/wp-json\/wp\/v2\/comments?post=8410"}],"version-history":[{"count":3,"href":"https:\/\/www.yetkinbayer.com\/fr\/wp-json\/wp\/v2\/pages\/8410\/revisions"}],"predecessor-version":[{"id":9927,"href":"https:\/\/www.yetkinbayer.com\/fr\/wp-json\/wp\/v2\/pages\/8410\/revisions\/9927"}],"wp:attachment":[{"href":"https:\/\/www.yetkinbayer.com\/fr\/wp-json\/wp\/v2\/media?parent=8410"}],"curies":[{"name":"wp","href":"https:\/\/api.w.org\/{rel}","templated":true}]}}