{"id":3175,"date":"2025-05-05T10:31:13","date_gmt":"2025-05-05T07:31:13","guid":{"rendered":"https:\/\/www.yetkinbayer.com\/?page_id=3175"},"modified":"2025-05-04T18:09:03","modified_gmt":"2025-05-04T15:09:03","slug":"dr-yetkin-bayer","status":"publish","type":"page","link":"https:\/\/www.yetkinbayer.com\/fr\/dr-yetkin-bayer\/","title":{"rendered":"Dr. Yetkin Bayer"},"content":{"rendered":"<p><strong>Ann\u00e9es d&rsquo;exp\u00e9rience professionnelle :<\/strong> 32<\/p>\n<p>Apr\u00e8s avoir termin\u00e9 ses \u00e9tudes primaires, secondaires et lyc\u00e9ennes \u00e0 Istanbul, le Dr. Yetkin Bayer a poursuivi ses \u00e9tudes \u00e0 la Facult\u00e9 de M\u00e9decine de l\u2019Universit\u00e9 T.\u00dc., o\u00f9 il a obtenu son dipl\u00f4me de m\u00e9decin. Apr\u00e8s avoir accompli son service obligatoire en travaillant pendant 2 ans \u00e0 Afyon, il s&rsquo;est install\u00e9 aux \u00c9tats-Unis. Pendant son s\u00e9jour dans diff\u00e9rentes villes comme Austin et Philadelphie, il a men\u00e9 des recherches sur la transplantation capillaire et l&rsquo;esth\u00e9tique m\u00e9dicale et a particip\u00e9 \u00e0 des ateliers.<\/p>\n<p>En mars 1994, il a particip\u00e9 au Symposium International sur la Chirurgie de Transplantation Capillaire (An International Symposium: Hair Replacement Surgery-Mar\u201994) organis\u00e9 en Alabama.<\/p>\n<p>Dans les ann\u00e9es qui ont suivi, il a r\u00e9alis\u00e9 des op\u00e9rations de transplantation capillaire avec le chirurgien plasticien O\u011fuz Nevit Erg\u00fcn dans l&rsquo;\u00c9tat de Californie. En janvier 1995, il a particip\u00e9 \u00e0 la Convention Mondiale sur la Restauration Capillaire (American Academy of Cosmetic Surgery- Hair Restoration 1st Global Convention: Jan\u201995) organis\u00e9e par l&rsquo;Acad\u00e9mie Am\u00e9ricaine de Chirurgie Esth\u00e9tique (American Academy of Cosmetic Surgery) \u00e0 Century City, en Californie, ainsi qu&rsquo;\u00e0 divers s\u00e9minaires et ateliers.<\/p>\n<p>Au cours de ses 10 ann\u00e9es pass\u00e9es aux \u00c9tats-Unis, le Dr. Yetkin Bayer a particip\u00e9 \u00e0 de nombreux congr\u00e8s et s\u00e9minaires de formation m\u00e9dicale dans le domaine de l&rsquo;esth\u00e9tique m\u00e9dicale, notamment en m\u00e9soth\u00e9rapie, carboxyth\u00e9rapie, peeling, applications de botox et de comblements, microdermabrasion et traitements au laser (\u00e9pilation au laser, d\u00e9tatouage, traitement des capillaires, rajeunissement de la peau et traitement des taches), d\u00e9veloppant ainsi ses comp\u00e9tences dans ces domaines.<\/p>\n<p>De retour en Turquie, il a obtenu le Certificat de Pratique en Esth\u00e9tique M\u00e9dicale d\u00e9livr\u00e9 par le Minist\u00e8re de la Sant\u00e9 de la R\u00e9publique de Turquie et la Direction G\u00e9n\u00e9rale des Services de Sant\u00e9. De plus, il est un sp\u00e9cialiste certifi\u00e9 en acupuncture approuv\u00e9 par le Minist\u00e8re de la Sant\u00e9 et un m\u00e9decin qualifi\u00e9 pour pratiquer l&rsquo;hypnose consciente.<\/p>\n<p><strong>Formation :<\/strong><\/p>\n<p>Facult\u00e9 de M\u00e9decine de l\u2019Universit\u00e9 T.\u00dc.<\/p>\n<p><strong>Certificats :<\/strong><\/p>\n<p>Sp\u00e9cialiste en Acupuncture Certifi\u00e9 par le Minist\u00e8re de la Sant\u00e9<\/p>\n","protected":false},"excerpt":{"rendered":"<p>Ann\u00e9es d&rsquo;exp\u00e9rience professionnelle : 32 Apr\u00e8s avoir termin\u00e9 ses \u00e9tudes primaires, secondaires et lyc\u00e9ennes \u00e0 Istanbul, le Dr. Yetkin Bayer a poursuivi ses \u00e9tudes \u00e0 la Facult\u00e9 de M\u00e9decine de l\u2019Universit\u00e9 T.\u00dc., o\u00f9 il a obtenu son dipl\u00f4me de m\u00e9decin. Apr\u00e8s avoir accompli son service obligatoire en travaillant pendant 2 ans \u00e0 Afyon, il s&rsquo;est [&hellip;]<\/p>\n","protected":false},"author":1,"featured_media":0,"parent":0,"menu_order":0,"comment_status":"closed","ping_status":"closed","template":"","meta":{"footnotes":""},"class_list":["post-3175","page","type-page","status-publish","hentry"],"_links":{"self":[{"href":"https:\/\/www.yetkinbayer.com\/fr\/wp-json\/wp\/v2\/pages\/3175","targetHints":{"allow":["GET"]}}],"collection":[{"href":"https:\/\/www.yetkinbayer.com\/fr\/wp-json\/wp\/v2\/pages"}],"about":[{"href":"https:\/\/www.yetkinbayer.com\/fr\/wp-json\/wp\/v2\/types\/page"}],"author":[{"embeddable":true,"href":"https:\/\/www.yetkinbayer.com\/fr\/wp-json\/wp\/v2\/users\/1"}],"replies":[{"embeddable":true,"href":"https:\/\/www.yetkinbayer.com\/fr\/wp-json\/wp\/v2\/comments?post=3175"}],"version-history":[{"count":1,"href":"https:\/\/www.yetkinbayer.com\/fr\/wp-json\/wp\/v2\/pages\/3175\/revisions"}],"predecessor-version":[{"id":3176,"href":"https:\/\/www.yetkinbayer.com\/fr\/wp-json\/wp\/v2\/pages\/3175\/revisions\/3176"}],"wp:attachment":[{"href":"https:\/\/www.yetkinbayer.com\/fr\/wp-json\/wp\/v2\/media?parent=3175"}],"curies":[{"name":"wp","href":"https:\/\/api.w.org\/{rel}","templated":true}]}}