{"id":3140,"date":"2025-05-05T10:35:56","date_gmt":"2025-05-05T07:35:56","guid":{"rendered":"https:\/\/www.yetkinbayer.com\/?page_id=3140"},"modified":"2025-04-29T12:07:37","modified_gmt":"2025-04-29T09:07:37","slug":"berkin-gence","status":"publish","type":"page","link":"https:\/\/www.yetkinbayer.com\/fr\/berkin-gence\/","title":{"rendered":"Dr.Berkin Gence"},"content":{"rendered":"<p><strong>Ann\u00e9es d&rsquo;exp\u00e9rience professionnelle : 6<\/strong><\/p>\n<p class=\"p1\">Le Dr. Berkin Gence est n\u00e9 en 1994 \u00e0 Istanbul, en Turquie. Il a termin\u00e9 ses \u00e9tudes primaires, secondaires et lyc\u00e9ennes \u00e0 Istanbul.<\/p>\n<p class=\"p1\">Le Dr. Berkin a obtenu avec succ\u00e8s son dipl\u00f4me de la Facult\u00e9 de M\u00e9decine de l&rsquo;Universit\u00e9 Medipol d&rsquo;Istanbul en 2019.<\/p>\n<p class=\"p1\">Il a travaill\u00e9 pendant plusieurs ann\u00e9es dans le service des urgences.<br \/>\nIl a appris les subtilit\u00e9s de la transplantation capillaire et de l&rsquo;esth\u00e9tique m\u00e9dicale et s&rsquo;est sp\u00e9cialis\u00e9 dans ces domaines au sein des cliniques Dr. Bayer durant ses \u00e9tudes en m\u00e9decine. En outre, il a \u00e9galement particip\u00e9 \u00e0 des congr\u00e8s, s\u00e9minaires et programmes de certification concernant \u00e0 la fois les transplantations capillaires et l&rsquo;esth\u00e9tique m\u00e9dicale. Gr\u00e2ce \u00e0 ses exp\u00e9riences, il a \u00e0 la fois mis \u00e0 jour ses connaissances et am\u00e9lior\u00e9 ses comp\u00e9tences m\u00e9dicales.<\/p>\n<p class=\"p1\">Il suit de pr\u00e8s les nouvelles tendances en mati\u00e8re de beaut\u00e9 et d&rsquo;esth\u00e9tique et les applique dans son travail.<\/p>\n","protected":false},"excerpt":{"rendered":"<p>Ann\u00e9es d&rsquo;exp\u00e9rience professionnelle : 6 Le Dr. Berkin Gence est n\u00e9 en 1994 \u00e0 Istanbul, en Turquie. Il a termin\u00e9 ses \u00e9tudes primaires, secondaires et lyc\u00e9ennes \u00e0 Istanbul. Le Dr. Berkin a obtenu avec succ\u00e8s son dipl\u00f4me de la Facult\u00e9 de M\u00e9decine de l&rsquo;Universit\u00e9 Medipol d&rsquo;Istanbul en 2019. Il a travaill\u00e9 pendant plusieurs ann\u00e9es dans [&hellip;]<\/p>\n","protected":false},"author":1,"featured_media":1991,"parent":0,"menu_order":0,"comment_status":"closed","ping_status":"closed","template":"","meta":{"footnotes":""},"class_list":["post-3140","page","type-page","status-publish","has-post-thumbnail","hentry"],"_links":{"self":[{"href":"https:\/\/www.yetkinbayer.com\/fr\/wp-json\/wp\/v2\/pages\/3140","targetHints":{"allow":["GET"]}}],"collection":[{"href":"https:\/\/www.yetkinbayer.com\/fr\/wp-json\/wp\/v2\/pages"}],"about":[{"href":"https:\/\/www.yetkinbayer.com\/fr\/wp-json\/wp\/v2\/types\/page"}],"author":[{"embeddable":true,"href":"https:\/\/www.yetkinbayer.com\/fr\/wp-json\/wp\/v2\/users\/1"}],"replies":[{"embeddable":true,"href":"https:\/\/www.yetkinbayer.com\/fr\/wp-json\/wp\/v2\/comments?post=3140"}],"version-history":[{"count":1,"href":"https:\/\/www.yetkinbayer.com\/fr\/wp-json\/wp\/v2\/pages\/3140\/revisions"}],"predecessor-version":[{"id":3141,"href":"https:\/\/www.yetkinbayer.com\/fr\/wp-json\/wp\/v2\/pages\/3140\/revisions\/3141"}],"wp:featuredmedia":[{"embeddable":true,"href":"https:\/\/www.yetkinbayer.com\/fr\/wp-json\/wp\/v2\/media\/1991"}],"wp:attachment":[{"href":"https:\/\/www.yetkinbayer.com\/fr\/wp-json\/wp\/v2\/media?parent=3140"}],"curies":[{"name":"wp","href":"https:\/\/api.w.org\/{rel}","templated":true}]}}