{"id":3131,"date":"2025-05-05T10:21:21","date_gmt":"2025-05-05T07:21:21","guid":{"rendered":"https:\/\/www.yetkinbayer.com\/about-us\/"},"modified":"2025-05-29T15:27:38","modified_gmt":"2025-05-29T12:27:38","slug":"a-propos-de-nous","status":"publish","type":"page","link":"https:\/\/www.yetkinbayer.com\/fr\/a-propos-de-nous\/","title":{"rendered":"\u00c0 propos de nous"},"content":{"rendered":"<p><iframe loading=\"lazy\" title=\"Inside of a temple: a tour of hair transplantation clinic with Dr Bayer!\" src=\"https:\/\/www.youtube.com\/embed\/Sz5mG0qlt8U\" width=\"100%\" height=\"455\" frameborder=\"0\" allowfullscreen=\"allowfullscreen\"><span data-mce-type=\"bookmark\" style=\"display: inline-block; width: 0px; overflow: hidden; line-height: 0;\" class=\"mce_SELRES_start\">\ufeff<\/span><span data-mce-type=\"bookmark\" style=\"display: inline-block; width: 0px; overflow: hidden; line-height: 0;\" class=\"mce_SELRES_start\">\ufeff<\/span><span data-mce-type=\"bookmark\" style=\"display: inline-block; width: 0px; overflow: hidden; line-height: 0;\" class=\"mce_SELRES_start\">\ufeff<\/span><span data-mce-type=\"bookmark\" style=\"display: inline-block; width: 0px; overflow: hidden; line-height: 0;\" class=\"mce_SELRES_start\">\ufeff<\/span><span data-mce-type=\"bookmark\" style=\"display: inline-block; width: 0px; overflow: hidden; line-height: 0;\" class=\"mce_SELRES_start\">\ufeff<\/span><span data-mce-type=\"bookmark\" style=\"display: inline-block; width: 0px; overflow: hidden; line-height: 0;\" class=\"mce_SELRES_start\">\ufeff<\/span><span data-mce-type=\"bookmark\" style=\"display: inline-block; width: 0px; overflow: hidden; line-height: 0;\" class=\"mce_SELRES_start\">\ufeff<\/span><\/iframe><\/p>\n<h2>\u00c0 propos de nous \u2013 Dr. Yetkin Bayer<\/h2>\n<p>Dans la chirurgie esth\u00e9tique, obtenir des r\u00e9sultats naturels, permanents et personnalis\u00e9s est possible non seulement gr\u00e2ce aux connaissances techniques mais aussi \u00e0 une perspective artistique. Le Dr. Yetkin Bayer applique ce principe depuis des ann\u00e9es en offrant \u00e0 ses milliers de patients des solutions esth\u00e9tiques s\u00fbres, r\u00e9ussies et ax\u00e9es sur la satisfaction du patient. Reconnu comme l&rsquo;un des pionniers de la transplantation capillaire et de la chirurgie esth\u00e9tique en Turquie, le Dr. Bayer est fr\u00e9quemment cit\u00e9 sur la sc\u00e8ne nationale et internationale pour ses pratiques de haute qualit\u00e9.<\/p>\n<h2>Qui est le Dr. Yetkin Bayer ?<\/h2>\n<p class=\"p1\">Le Dr. Yetkin Bayer a termin\u00e9 ses \u00e9tudes primaires, secondaires et son lyc\u00e9e \u00e0 Istanbul avant de poursuivre ses \u00e9tudes \u00e0 la Facult\u00e9 de M\u00e9decine de l&rsquo;Universit\u00e9 d&rsquo;Istanbul, o\u00f9 il a obtenu son dipl\u00f4me de m\u00e9decin. Apr\u00e8s avoir accompli son service militaire obligatoire \u00e0 Afyon pendant deux ans, il s&rsquo;est install\u00e9 aux \u00c9tats-Unis.<\/p>\n<p class=\"p1\">Pendant qu&rsquo;il vivait dans diverses villes comme Austin et Philadelphie aux \u00c9tats-Unis, il a men\u00e9 des recherches et particip\u00e9 \u00e0 des ateliers sur <strong>la transplantation capillaire et l&rsquo;esth\u00e9tique m\u00e9dicale<\/strong>.<\/p>\n<p class=\"p1\">En mars 1994, il a assist\u00e9 au <strong>Symposium International de Chirurgie de la Transplantation Capillaire<\/strong> qui s&rsquo;est tenu en Alabama (<em>Symposium International : Chirurgie de la Transplantation Capillaire-Mar\u201994<\/em>).<\/p>\n<h2><strong><img loading=\"lazy\" decoding=\"async\" class=\"alignleft wp-image-752\" src=\"https:\/\/www.yetkinbayer.com\/wp-content\/uploads\/2025\/05\/hakkimizda.png\" alt=\"\" width=\"300\" height=\"334\" \/><\/strong><\/h2>\n<p class=\"p1\">Dans les ann\u00e9es qui ont suivi, il a travaill\u00e9 avec le chirurgien plastique O\u011fuz Nevit Erg\u00fcn en Californie pour r\u00e9aliser des op\u00e9rations de transplantation capillaire et a assist\u00e9 au <strong>Congr\u00e8s Mondial de Restauration Capillaire<\/strong> organis\u00e9 par l&rsquo;Acad\u00e9mie Am\u00e9ricaine de Chirurgie Cosm\u00e9tique \u00e0 Century City, Californie, en janvier 1995 (<em>Acad\u00e9mie Am\u00e9ricaine de Chirurgie Cosm\u00e9tique &#8211; 1er Congr\u00e8s Mondial de la Restauration Capillaire : Jan\u201995<\/em>) et a particip\u00e9 \u00e0 divers s\u00e9minaires et ateliers.<\/p>\n<p class=\"p1\">Durant ses 10 ans pass\u00e9s aux \u00c9tats-Unis, le Dr. Bayer a particip\u00e9 \u00e0 de nombreuses conf\u00e9rences et s\u00e9minaires de formation m\u00e9dicale sur des sujets tels que la m\u00e9soth\u00e9rapie, la carboxyth\u00e9rapie, les peelings, les injections de comblement, la microdermabrasion, les traitements au laser (\u00e9pilation au laser, suppression de tatouage, traitement des vaisseaux sanguins, rajeunissement de la peau et traitement des taches) pour se perfectionner dans l&rsquo;esth\u00e9tique m\u00e9dicale.<\/p>\n<p class=\"p1\">Apr\u00e8s son retour en Turquie, il a obtenu le <strong>Certificat d&rsquo;Application en Esth\u00e9tique M\u00e9dicale<\/strong> d\u00e9livr\u00e9 par le Minist\u00e8re de la Sant\u00e9. Il est \u00e9galement un sp\u00e9cialiste certifi\u00e9 en <strong>acupuncture<\/strong> agr\u00e9\u00e9 par le Minist\u00e8re de la Sant\u00e9 et est un m\u00e9decin qui peut appliquer des techniques d&rsquo;hypnose consciente.<\/p>\n<h3><strong>\u00c9ducation :<\/strong><\/h3>\n<ul>\n<li>Facult\u00e9 de M\u00e9decine de l&rsquo;Universit\u00e9 d&rsquo;Istanbul<\/li>\n<\/ul>\n<h3><strong>Certifications :<\/strong><\/h3>\n<ul>\n<li>Sp\u00e9cialiste Certifi\u00e9 en Acupuncture par le Minist\u00e8re de la Sant\u00e9<\/li>\n<\/ul>\n<h2>Succ\u00e8s et Confiance Internationaux<\/h2>\n<p>Le Dr. Yetkin Bayer ne sert pas seulement des patients de Turquie, mais aussi ceux du monde entier. Sa capacit\u00e9 \u00e0 attirer des patients d&rsquo;Europe, d&rsquo;Am\u00e9rique et du Moyen-Orient peut \u00eatre attribu\u00e9e \u00e0 sa haute satisfaction des patients, sa communication transparente et son approche \u00e9thique. Le Dr. Bayer, qui offre un service complet \u00e0 ses patients, de la consultation initiale \u00e0 la prise en charge post-op\u00e9ratoire et au suivi \u00e0 long terme, consid\u00e8re comme principe fondamental d&rsquo;\u00eatre pr\u00e9sent \u00e0 chaque \u00e9tape. En outre, le Dr. Bayer est un conf\u00e9rencier actif sur de nombreuses plateformes internationales et a contribu\u00e9 au domaine de la chirurgie esth\u00e9tique avec ses articles scientifiques. Il est consid\u00e9r\u00e9 comme l&rsquo;une des \u00e9toiles montantes de la Turquie dans le tourisme m\u00e9dical.<\/p>\n<p><iframe loading=\"lazy\" title=\"Dr. Bayer Clinic | Hair Transplantation #shorts\" src=\"https:\/\/www.youtube.com\/embed\/RlVMxfcKF_A\" width=\"100%\" height=\"455\" frameborder=\"0\" allowfullscreen=\"allowfullscreen\"><span data-mce-type=\"bookmark\" style=\"display: inline-block; width: 0px; overflow: hidden; line-height: 0;\" class=\"mce_SELRES_start\">\ufeff<\/span><span data-mce-type=\"bookmark\" style=\"display: inline-block; width: 0px; overflow: hidden; line-height: 0;\" class=\"mce_SELRES_start\">\ufeff<\/span><\/iframe><\/p>\n<h2>Pourquoi Dr. Yetkin Bayer ?<\/h2>\n<ul>\n<li>32 ans d&rsquo;expertise en chirurgie esth\u00e9tique<\/li>\n<li>Plans de traitement personnalis\u00e9s et r\u00e9sultats d&rsquo;apparence naturelle<\/li>\n<li>Portefeuille de patients international et taux \u00e9lev\u00e9 de satisfaction<\/li>\n<li>Infrastructure technologique avanc\u00e9e et environnement clinique hygi\u00e9nique<\/li>\n<li>Contribution au monde de l&rsquo;esth\u00e9tique avec son identit\u00e9 d&rsquo;\u00e9ducateur<\/li>\n<li>Consultation professionnelle de la premi\u00e8re rencontre au dernier contr\u00f4le<\/li>\n<\/ul>\n<h2>Notre Mission et Vision<\/h2>\n<p>Notre mission est de fournir la solution esth\u00e9tique la plus appropri\u00e9e pour chaque patient, afin qu&rsquo;ils atteignent des r\u00e9sultats naturels, sains et satisfaisants. Nous offrons des services avec une approche sensible aux besoins uniques de chaque individu, sans jamais compromettre les principes \u00e9thiques m\u00e9dicaux. Notre vision est de faire de la Turquie une marque mondiale dans la chirurgie esth\u00e9tique et de devenir un point de r\u00e9f\u00e9rence reconnu dans le monde entier gr\u00e2ce \u00e0 des applications de pointe dans ce domaine.<\/p>\n","protected":false},"excerpt":{"rendered":"<p>\ufeff\ufeff\ufeff\ufeff\ufeff\ufeff\ufeff \u00c0 propos de nous \u2013 Dr. Yetkin Bayer Dans la chirurgie esth\u00e9tique, obtenir des r\u00e9sultats naturels, permanents et personnalis\u00e9s est possible non seulement gr\u00e2ce aux connaissances techniques mais aussi \u00e0 une perspective artistique. Le Dr. Yetkin Bayer applique ce principe depuis des ann\u00e9es en offrant \u00e0 ses milliers de patients des solutions esth\u00e9tiques s\u00fbres, [&hellip;]<\/p>\n","protected":false},"author":1,"featured_media":0,"parent":0,"menu_order":0,"comment_status":"closed","ping_status":"closed","template":"","meta":{"footnotes":""},"class_list":["post-3131","page","type-page","status-publish","hentry"],"_links":{"self":[{"href":"https:\/\/www.yetkinbayer.com\/fr\/wp-json\/wp\/v2\/pages\/3131","targetHints":{"allow":["GET"]}}],"collection":[{"href":"https:\/\/www.yetkinbayer.com\/fr\/wp-json\/wp\/v2\/pages"}],"about":[{"href":"https:\/\/www.yetkinbayer.com\/fr\/wp-json\/wp\/v2\/types\/page"}],"author":[{"embeddable":true,"href":"https:\/\/www.yetkinbayer.com\/fr\/wp-json\/wp\/v2\/users\/1"}],"replies":[{"embeddable":true,"href":"https:\/\/www.yetkinbayer.com\/fr\/wp-json\/wp\/v2\/comments?post=3131"}],"version-history":[{"count":5,"href":"https:\/\/www.yetkinbayer.com\/fr\/wp-json\/wp\/v2\/pages\/3131\/revisions"}],"predecessor-version":[{"id":9486,"href":"https:\/\/www.yetkinbayer.com\/fr\/wp-json\/wp\/v2\/pages\/3131\/revisions\/9486"}],"wp:attachment":[{"href":"https:\/\/www.yetkinbayer.com\/fr\/wp-json\/wp\/v2\/media?parent=3131"}],"curies":[{"name":"wp","href":"https:\/\/api.w.org\/{rel}","templated":true}]}}