{"id":4667,"date":"2025-05-05T10:35:56","date_gmt":"2025-05-05T07:35:56","guid":{"rendered":"https:\/\/www.yetkinbayer.com\/?page_id=4667"},"modified":"2025-04-30T10:54:50","modified_gmt":"2025-04-30T07:54:50","slug":"berkin-gence","status":"publish","type":"page","link":"https:\/\/www.yetkinbayer.com\/es\/berkin-gence\/","title":{"rendered":"Dr.Berkin Gence"},"content":{"rendered":"<p><strong>A\u00f1os Totales de Experiencia: 6<\/strong><\/p>\n<p>El Dr. Berkin Gence naci\u00f3 en 1994 en Estambul, Turqu\u00eda. Complet\u00f3 su educaci\u00f3n primaria, secundaria y preparatoria en Estambul.<\/p>\n<p>El Dr. Berkin se gradu\u00f3 con \u00e9xito de la Facultad de Medicina de la Universidad Medipol de Estambul en 2019.<\/p>\n<p>Trabaj\u00f3 en el servicio de emergencias durante varios a\u00f1os. Aprendi\u00f3 las complejidades del trasplante capilar y la est\u00e9tica m\u00e9dica, y se especializ\u00f3 en estos campos en las Cl\u00ednicas Dr. Bayer durante su formaci\u00f3n m\u00e9dica. Adem\u00e1s, particip\u00f3 en congresos, seminarios y programas de certificaci\u00f3n relacionados con trasplantes capilares y est\u00e9tica m\u00e9dica. Gracias a sus experiencias, actualiz\u00f3 sus conocimientos y mejor\u00f3 sus habilidades m\u00e9dicas.<\/p>\n<p>Sigue de cerca las nuevas tendencias en belleza y est\u00e9tica y las aplica en su trabajo.<\/p>\n","protected":false},"excerpt":{"rendered":"<p>A\u00f1os Totales de Experiencia: 6 El Dr. Berkin Gence naci\u00f3 en 1994 en Estambul, Turqu\u00eda. Complet\u00f3 su educaci\u00f3n primaria, secundaria y preparatoria en Estambul. El Dr. Berkin se gradu\u00f3 con \u00e9xito de la Facultad de Medicina de la Universidad Medipol de Estambul en 2019. Trabaj\u00f3 en el servicio de emergencias durante varios a\u00f1os. Aprendi\u00f3 las [&hellip;]<\/p>\n","protected":false},"author":1,"featured_media":1996,"parent":0,"menu_order":0,"comment_status":"closed","ping_status":"closed","template":"","meta":{"footnotes":""},"class_list":["post-4667","page","type-page","status-publish","has-post-thumbnail","hentry"],"_links":{"self":[{"href":"https:\/\/www.yetkinbayer.com\/es\/wp-json\/wp\/v2\/pages\/4667","targetHints":{"allow":["GET"]}}],"collection":[{"href":"https:\/\/www.yetkinbayer.com\/es\/wp-json\/wp\/v2\/pages"}],"about":[{"href":"https:\/\/www.yetkinbayer.com\/es\/wp-json\/wp\/v2\/types\/page"}],"author":[{"embeddable":true,"href":"https:\/\/www.yetkinbayer.com\/es\/wp-json\/wp\/v2\/users\/1"}],"replies":[{"embeddable":true,"href":"https:\/\/www.yetkinbayer.com\/es\/wp-json\/wp\/v2\/comments?post=4667"}],"version-history":[{"count":1,"href":"https:\/\/www.yetkinbayer.com\/es\/wp-json\/wp\/v2\/pages\/4667\/revisions"}],"predecessor-version":[{"id":4668,"href":"https:\/\/www.yetkinbayer.com\/es\/wp-json\/wp\/v2\/pages\/4667\/revisions\/4668"}],"wp:featuredmedia":[{"embeddable":true,"href":"https:\/\/www.yetkinbayer.com\/es\/wp-json\/wp\/v2\/media\/1996"}],"wp:attachment":[{"href":"https:\/\/www.yetkinbayer.com\/es\/wp-json\/wp\/v2\/media?parent=4667"}],"curies":[{"name":"wp","href":"https:\/\/api.w.org\/{rel}","templated":true}]}}