{"id":4662,"date":"2025-05-05T10:31:54","date_gmt":"2025-05-05T07:31:54","guid":{"rendered":"https:\/\/www.yetkinbayer.com\/?page_id=4662"},"modified":"2025-05-09T14:32:28","modified_gmt":"2025-05-09T11:32:28","slug":"sobre-nosotras","status":"publish","type":"page","link":"https:\/\/www.yetkinbayer.com\/es\/sobre-nosotras\/","title":{"rendered":"Sobre Nosotras"},"content":{"rendered":"<p><iframe loading=\"lazy\" title=\"Inside of a temple: a tour of hair transplantation clinic with Dr Bayer!\" src=\"https:\/\/www.youtube.com\/embed\/Sz5mG0qlt8U\" width=\"100%\" height=\"455\" frameborder=\"0\" allowfullscreen=\"allowfullscreen\"><span data-mce-type=\"bookmark\" style=\"display: inline-block; width: 0px; overflow: hidden; line-height: 0;\" class=\"mce_SELRES_start\">\ufeff<\/span><span data-mce-type=\"bookmark\" style=\"display: inline-block; width: 0px; overflow: hidden; line-height: 0;\" class=\"mce_SELRES_start\">\ufeff<\/span><span data-mce-type=\"bookmark\" style=\"display: inline-block; width: 0px; overflow: hidden; line-height: 0;\" class=\"mce_SELRES_start\">\ufeff<\/span><span data-mce-type=\"bookmark\" style=\"display: inline-block; width: 0px; overflow: hidden; line-height: 0;\" class=\"mce_SELRES_start\">\ufeff<\/span><span data-mce-type=\"bookmark\" style=\"display: inline-block; width: 0px; overflow: hidden; line-height: 0;\" class=\"mce_SELRES_start\">\ufeff<\/span><span data-mce-type=\"bookmark\" style=\"display: inline-block; width: 0px; overflow: hidden; line-height: 0;\" class=\"mce_SELRES_start\">\ufeff<\/span><\/iframe><\/p>\n<h2>Sobre nosotros \u2013 Dr. Yetkin Bayer<\/h2>\n<p>En la cirug\u00eda est\u00e9tica, lograr resultados naturales, permanentes y personalizados no solo es posible a trav\u00e9s del conocimiento t\u00e9cnico, sino tambi\u00e9n con una perspectiva art\u00edstica. El Dr. Yetkin Bayer ha estado brindando soluciones est\u00e9ticas seguras, exitosas y centradas en el paciente durante a\u00f1os, siguiendo este principio. Reconocido como uno de los pioneros en trasplante capilar y cirug\u00eda est\u00e9tica en Turqu\u00eda, el Dr. Bayer es conocido tanto a nivel nacional como internacional por sus pr\u00e1cticas de alta calidad.<\/p>\n<h2>\u00bfQui\u00e9n es el Dr. Yetkin Bayer?<\/h2>\n<p class=\"p1\">El Dr. Yetkin Bayer complet\u00f3 su educaci\u00f3n primaria, secundaria y de preparatoria en Estambul antes de continuar sus estudios en la Facultad de Medicina de la Universidad de Estambul, donde obtuvo su t\u00edtulo de m\u00e9dico. Despu\u00e9s de completar su servicio obligatorio en Afyon durante dos a\u00f1os, se traslad\u00f3 a los Estados Unidos.<\/p>\n<p class=\"p1\">Mientras viv\u00eda en varias ciudades como Austin y Filadelfia en los Estados Unidos, realiz\u00f3 investigaciones y particip\u00f3 en talleres sobre <strong>trasplante capilar y est\u00e9tica m\u00e9dica<\/strong>.<\/p>\n<p class=\"p1\">En marzo de 1994, asisti\u00f3 al <strong>Simp\u00f3sium Internacional de Cirug\u00eda de Trasplante Capilar<\/strong> celebrado en Alabama (<em>Simp\u00f3sium Internacional: Cirug\u00eda de Trasplante Capilar-Mar\u201994<\/em>).<\/p>\n<h2><strong><img loading=\"lazy\" decoding=\"async\" class=\"alignleft wp-image-752\" src=\"https:\/\/www.yetkinbayer.com\/wp-content\/uploads\/2025\/10\/yetkin-bayer.jpg\" alt=\"\" width=\"300\" height=\"334\" \/><\/strong><\/h2>\n<p class=\"p1\">En los a\u00f1os siguientes, trabaj\u00f3 junto al cirujano pl\u00e1stico O\u011fuz Nevit Erg\u00fcn en California realizando operaciones de trasplante capilar, y asisti\u00f3 al <strong>Congreso Global de Restauraci\u00f3n Capilar<\/strong> organizado por la Academia Americana de Cirug\u00eda Cosm\u00e9tica en Century City, California, en enero de 1995 (<em>Academia Americana de Cirug\u00eda Cosm\u00e9tica &#8211; 1er Congreso Global de Restauraci\u00f3n Capilar: Enero\u201995<\/em>) y particip\u00f3 en varios seminarios y talleres.<\/p>\n<p class=\"p1\">Durante los 10 a\u00f1os que estuvo en los Estados Unidos, el Dr. Bayer particip\u00f3 en numerosas conferencias y seminarios de formaci\u00f3n m\u00e9dica sobre temas como mesoterapia, carboxiterapia, peeling, rellenos, microdermoabrasi\u00f3n, tratamientos con l\u00e1ser (depilaci\u00f3n l\u00e1ser, eliminaci\u00f3n de tatuajes, tratamientos de vasos sangu\u00edneos, rejuvenecimiento de la piel y tratamiento de manchas) para mejorar sus habilidades en est\u00e9tica m\u00e9dica.<\/p>\n<p class=\"p1\">Despu\u00e9s de regresar a Turqu\u00eda, obtuvo el <strong>Certificado de Aplicaci\u00f3n en Est\u00e9tica M\u00e9dica<\/strong> emitido por el Ministerio de Salud. Tambi\u00e9n es especialista certificado en <strong>acupuntura<\/strong> aprobado por el Ministerio de Salud y un m\u00e9dico capacitado para aplicar t\u00e9cnicas de hipnosis consciente.<\/p>\n<h3><strong>Educaci\u00f3n:<\/strong><\/h3>\n<ul>\n<li>Facultad de Medicina de la Universidad de Estambul<\/li>\n<\/ul>\n<h3><strong>Certificaciones:<\/strong><\/h3>\n<ul>\n<li>Especialista certificado en Acupuntura por el Ministerio de Salud<\/li>\n<\/ul>\n<h2>\u00c9xito y Confianza Internacional<\/h2>\n<p>El Dr. Yetkin Bayer atiende no solo a pacientes de Turqu\u00eda, sino tambi\u00e9n de todo el mundo. Su capacidad para atraer pacientes de Europa, Am\u00e9rica y el Medio Oriente se debe a su alta satisfacci\u00f3n de los pacientes, comunicaci\u00f3n transparente y enfoque \u00e9tico. El Dr. Bayer, quien ofrece un servicio completo a sus pacientes desde la consulta inicial hasta el cuidado postoperatorio y el seguimiento a largo plazo, considera como un principio fundamental estar con ellos en cada paso del proceso. Adem\u00e1s, el Dr. Bayer es un orador activo en muchas plataformas internacionales y ha contribuido al mundo de la cirug\u00eda est\u00e9tica con sus art\u00edculos cient\u00edficos. Es considerado una de las estrellas en ascenso de Turqu\u00eda en el turismo m\u00e9dico.<\/p>\n<p><iframe loading=\"lazy\" title=\"Dr. Bayer Clinic | Hair Transplantation #shorts\" src=\"https:\/\/www.youtube.com\/embed\/RlVMxfcKF_A\" width=\"100%\" height=\"455\" frameborder=\"0\" allowfullscreen=\"allowfullscreen\"><span data-mce-type=\"bookmark\" style=\"display: inline-block; width: 0px; overflow: hidden; line-height: 0;\" class=\"mce_SELRES_start\">\ufeff<\/span><span data-mce-type=\"bookmark\" style=\"display: inline-block; width: 0px; overflow: hidden; line-height: 0;\" class=\"mce_SELRES_start\">\ufeff<\/span><\/iframe><\/p>\n<h2>\u00bfPor qu\u00e9 elegir al Dr. Yetkin Bayer?<\/h2>\n<ul>\n<li>32 a\u00f1os de experiencia en cirug\u00eda est\u00e9tica<\/li>\n<li>Planes de tratamiento personalizados y resultados naturales<\/li>\n<li>Portafolio de pacientes internacionales y alta tasa de satisfacci\u00f3n<\/li>\n<li>Infraestructura tecnol\u00f3gica avanzada y ambiente cl\u00ednico higi\u00e9nico<\/li>\n<li>Contribuci\u00f3n al mundo est\u00e9tico con su identidad como educador<\/li>\n<li>Consultor\u00eda profesional desde la primera consulta hasta el \u00faltimo seguimiento<\/li>\n<\/ul>\n<h2>Nuestra Misi\u00f3n y Visi\u00f3n<\/h2>\n<p>Nuestra misi\u00f3n es proporcionar la soluci\u00f3n est\u00e9tica m\u00e1s adecuada para cada paciente, asegurando que logren resultados naturales, saludables y satisfactorios. Ofrecemos nuestros servicios con un enfoque sensible a las necesidades \u00fanicas de cada individuo, sin comprometer nunca los principios \u00e9ticos m\u00e9dicos. Nuestra visi\u00f3n es hacer de Turqu\u00eda una marca global en cirug\u00eda est\u00e9tica y convertirnos en un punto de referencia reconocido mundialmente a trav\u00e9s de aplicaciones innovadoras en este campo.<\/p>\n","protected":false},"excerpt":{"rendered":"<p>\ufeff\ufeff\ufeff\ufeff\ufeff\ufeff Sobre nosotros \u2013 Dr. Yetkin Bayer En la cirug\u00eda est\u00e9tica, lograr resultados naturales, permanentes y personalizados no solo es posible a trav\u00e9s del conocimiento t\u00e9cnico, sino tambi\u00e9n con una perspectiva art\u00edstica. El Dr. Yetkin Bayer ha estado brindando soluciones est\u00e9ticas seguras, exitosas y centradas en el paciente durante a\u00f1os, siguiendo este principio. Reconocido como [&hellip;]<\/p>\n","protected":false},"author":1,"featured_media":0,"parent":0,"menu_order":0,"comment_status":"closed","ping_status":"closed","template":"","meta":{"footnotes":""},"class_list":["post-4662","page","type-page","status-publish","hentry"],"_links":{"self":[{"href":"https:\/\/www.yetkinbayer.com\/es\/wp-json\/wp\/v2\/pages\/4662","targetHints":{"allow":["GET"]}}],"collection":[{"href":"https:\/\/www.yetkinbayer.com\/es\/wp-json\/wp\/v2\/pages"}],"about":[{"href":"https:\/\/www.yetkinbayer.com\/es\/wp-json\/wp\/v2\/types\/page"}],"author":[{"embeddable":true,"href":"https:\/\/www.yetkinbayer.com\/es\/wp-json\/wp\/v2\/users\/1"}],"replies":[{"embeddable":true,"href":"https:\/\/www.yetkinbayer.com\/es\/wp-json\/wp\/v2\/comments?post=4662"}],"version-history":[{"count":2,"href":"https:\/\/www.yetkinbayer.com\/es\/wp-json\/wp\/v2\/pages\/4662\/revisions"}],"predecessor-version":[{"id":8449,"href":"https:\/\/www.yetkinbayer.com\/es\/wp-json\/wp\/v2\/pages\/4662\/revisions\/8449"}],"wp:attachment":[{"href":"https:\/\/www.yetkinbayer.com\/es\/wp-json\/wp\/v2\/media?parent=4662"}],"curies":[{"name":"wp","href":"https:\/\/api.w.org\/{rel}","templated":true}]}}