{"id":4070,"date":"2025-05-05T10:21:21","date_gmt":"2025-05-05T07:21:21","guid":{"rendered":"https:\/\/www.yetkinbayer.com\/about-us\/"},"modified":"2025-05-29T15:26:44","modified_gmt":"2025-05-29T12:26:44","slug":"ueber-uns","status":"publish","type":"page","link":"https:\/\/www.yetkinbayer.com\/de\/ueber-uns\/","title":{"rendered":"\u00dcber uns"},"content":{"rendered":"<p><iframe loading=\"lazy\" title=\"Inside of a temple: a tour of hair transplantation clinic with Dr Bayer!\" src=\"https:\/\/www.youtube.com\/embed\/Sz5mG0qlt8U\" width=\"100%\" height=\"455\" frameborder=\"0\" allowfullscreen=\"allowfullscreen\"><span data-mce-type=\"bookmark\" style=\"display: inline-block; width: 0px; overflow: hidden; line-height: 0;\" class=\"mce_SELRES_start\">\ufeff<\/span><span data-mce-type=\"bookmark\" style=\"display: inline-block; width: 0px; overflow: hidden; line-height: 0;\" class=\"mce_SELRES_start\">\ufeff<\/span><span data-mce-type=\"bookmark\" style=\"display: inline-block; width: 0px; overflow: hidden; line-height: 0;\" class=\"mce_SELRES_start\">\ufeff<\/span><span data-mce-type=\"bookmark\" style=\"display: inline-block; width: 0px; overflow: hidden; line-height: 0;\" class=\"mce_SELRES_start\">\ufeff<\/span><span data-mce-type=\"bookmark\" style=\"display: inline-block; width: 0px; overflow: hidden; line-height: 0;\" class=\"mce_SELRES_start\">\ufeff<\/span><span data-mce-type=\"bookmark\" style=\"display: inline-block; width: 0px; overflow: hidden; line-height: 0;\" class=\"mce_SELRES_start\">\ufeff<\/span><\/iframe><\/p>\n<h2>\u00dcber uns \u2013 Dr. Yetkin Bayer<\/h2>\n<p>In der \u00e4sthetischen Chirurgie ist es m\u00f6glich, nat\u00fcrliche, dauerhafte und ma\u00dfgeschneiderte Ergebnisse zu erzielen, nicht nur durch technisches Wissen, sondern auch durch eine k\u00fcnstlerische Perspektive. Dr. Yetkin Bayer verfolgt dieses Prinzip seit Jahren und bietet seinen Tausenden von Patienten sichere, erfolgreiche und patientenorientierte \u00e4sthetische L\u00f6sungen. Als einer der Pioniere der Haartransplantation und der \u00e4sthetischen Chirurgie in der T\u00fcrkei ist Dr. Bayer f\u00fcr seine hochqualitativen Praktiken sowohl national als auch international bekannt.<\/p>\n<h2>Wer ist Dr. Yetkin Bayer?<\/h2>\n<p class=\"p1\">Dr. Yetkin Bayer absolvierte seine Grund-, Sekundar- und Hochschulbildung in Istanbul, bevor er sein Studium an der Fakult\u00e4t f\u00fcr Medizin der Universit\u00e4t Istanbul fortsetzte und den Titel eines Arztes erwarb. Nach der Erf\u00fcllung seiner Pflichtzeit in Afyon f\u00fcr zwei Jahre zog er in die USA.<\/p>\n<p class=\"p1\">W\u00e4hrend seines Aufenthalts in verschiedenen St\u00e4dten wie Austin und Philadelphia in den USA f\u00fchrte er Forschungsarbeiten durch und nahm an Workshops zu <strong>Haartransplantationen und medizinischer \u00c4sthetik<\/strong> teil.<\/p>\n<p class=\"p1\">Im M\u00e4rz 1994 nahm er am <strong>Internationalen Symposium f\u00fcr Haartransplantationschirurgie<\/strong> teil, das in Alabama stattfand (<em>Internationales Symposium: Haartransplantationschirurgie-Mar\u201994<\/em>).<\/p>\n<h2><strong><img loading=\"lazy\" decoding=\"async\" class=\"alignleft wp-image-752\" src=\"https:\/\/www.yetkinbayer.com\/wp-content\/uploads\/2025\/05\/hakkimizda.png\" alt=\"\" width=\"300\" height=\"334\" \/><\/strong><\/h2>\n<p class=\"p1\">In den folgenden Jahren arbeitete er in Kalifornien mit dem plastischen Chirurgen O\u011fuz Nevit Erg\u00fcn zusammen, um Haartransplantationen durchzuf\u00fchren, und nahm am <strong>Global Hair Restoration Convention<\/strong> teil, das von der American Academy of Cosmetic Surgery im Januar 1995 in Century City, Kalifornien, organisiert wurde (<em>American Academy of Cosmetic Surgery &#8211; 1st Global Convention on Hair Restoration: Jan\u201995<\/em>) und nahm an verschiedenen Seminaren und Workshops teil.<\/p>\n<p class=\"p1\">W\u00e4hrend seiner 10 Jahre in den USA nahm Dr. Bayer an zahlreichen Konferenzen und medizinischen Ausbildungsseminaren zu Themen wie Mesotherapie, Carboxytherapie, Peeling, Filler-Anwendungen, Mikrodermabrasion, Laserbehandlungen (Laser-Haarentfernung, Tattoo-Entfernung, Kapillargef\u00e4\u00dfbehandlungen, Hautverj\u00fcngung und Fleckenbehandlung) teil, um seine F\u00e4higkeiten in der medizinischen \u00c4sthetik weiterzuentwickeln.<\/p>\n<p class=\"p1\">Nach seiner R\u00fcckkehr in die T\u00fcrkei erwarb er das <strong>Zertifikat f\u00fcr medizinische \u00c4sthetikanwendungen<\/strong>, das vom Gesundheitsministerium ausgestellt wurde. Er ist auch ein zertifizierter <strong>Akupunktur-Spezialist<\/strong>, der vom Gesundheitsministerium anerkannt ist, und ein Arzt, der bewusste Hypnosetechniken anwenden kann.<\/p>\n<h3><strong>Bildung:<\/strong><\/h3>\n<ul>\n<li>Medizinische Fakult\u00e4t der Universit\u00e4t Istanbul<\/li>\n<\/ul>\n<h3><strong>Zertifikate:<\/strong><\/h3>\n<ul>\n<li>Gesundheitsministerium zertifizierter Akupunktur-Spezialist<\/li>\n<\/ul>\n<h2>Internationale Erfolge und Vertrauen<\/h2>\n<p>Dr. Yetkin Bayer bietet nicht nur Patienten aus der T\u00fcrkei, sondern auch aus der ganzen Welt seine Dienste an. Seine F\u00e4higkeit, Patienten aus Europa, Amerika und dem Nahen Osten zu gewinnen, ist auf seine hohe Patientenzufriedenheit, transparente Kommunikation und ethische Vorgehensweise zur\u00fcckzuf\u00fchren. Dr. Bayer, der seinen Patienten einen umfassenden Service von der ersten Beratung bis zur postoperativen Pflege und langfristigen Nachsorge bietet, h\u00e4lt es f\u00fcr ein grundlegendes Prinzip, bei jedem Schritt an ihrer Seite zu sein. Dar\u00fcber hinaus ist Dr. Bayer ein aktiver Sprecher auf vielen internationalen Plattformen und hat mit seinen wissenschaftlichen Artikeln zur \u00e4sthetischen Chirurgie beigetragen. Er wird als einer der aufstrebenden Sterne der T\u00fcrkei im Bereich des Medizintourismus angesehen.<\/p>\n<p><iframe loading=\"lazy\" title=\"Dr. Bayer Clinic | Hair Transplantation #shorts\" src=\"https:\/\/www.youtube.com\/embed\/RlVMxfcKF_A\" width=\"100%\" height=\"455\" frameborder=\"0\" allowfullscreen=\"allowfullscreen\"><span data-mce-type=\"bookmark\" style=\"display: inline-block; width: 0px; overflow: hidden; line-height: 0;\" class=\"mce_SELRES_start\">\ufeff<\/span><span data-mce-type=\"bookmark\" style=\"display: inline-block; width: 0px; overflow: hidden; line-height: 0;\" class=\"mce_SELRES_start\">\ufeff<\/span><\/iframe><\/p>\n<h2>Warum Dr. Yetkin Bayer?<\/h2>\n<ul>\n<li>32 Jahre Erfahrung in der \u00e4sthetischen Chirurgie<\/li>\n<li>Ma\u00dfgeschneiderte Behandlungspl\u00e4ne und nat\u00fcrliche Ergebnisse<\/li>\n<li>Internationales Patientenportfolio und hohe Zufriedenheitsrate<\/li>\n<li>Fortschrittliche technologische Infrastruktur und hygienische Klinikumgebung<\/li>\n<li>Beitrag zur \u00c4sthetik-Welt mit seiner Identit\u00e4t als Ausbilder<\/li>\n<li>Professionelle Beratung von der ersten Begegnung bis zur letzten Kontrolle<\/li>\n<\/ul>\n<h2>Unsere Mission und Vision<\/h2>\n<p>Unsere Mission ist es, f\u00fcr jeden Patienten die am besten geeignete \u00e4sthetische L\u00f6sung zu bieten, damit sie nat\u00fcrliche, gesunde und zufriedenstellende Ergebnisse erzielen. Wir bieten Dienstleistungen mit einem Ansatz, der die einzigartigen Bed\u00fcrfnisse jedes Einzelnen ber\u00fccksichtigt, ohne jemals von den medizinischen Ethikprinzipien abzuweichen. Unsere Vision ist es, die T\u00fcrkei zu einer globalen Marke in der \u00e4sthetischen Chirurgie zu machen und weltweit als Referenzpunkt anerkannt zu werden, indem wir wegweisende Anwendungen in diesem Bereich anbieten.<\/p>\n","protected":false},"excerpt":{"rendered":"<p>\ufeff\ufeff\ufeff\ufeff\ufeff\ufeff \u00dcber uns \u2013 Dr. Yetkin Bayer In der \u00e4sthetischen Chirurgie ist es m\u00f6glich, nat\u00fcrliche, dauerhafte und ma\u00dfgeschneiderte Ergebnisse zu erzielen, nicht nur durch technisches Wissen, sondern auch durch eine k\u00fcnstlerische Perspektive. Dr. Yetkin Bayer verfolgt dieses Prinzip seit Jahren und bietet seinen Tausenden von Patienten sichere, erfolgreiche und patientenorientierte \u00e4sthetische L\u00f6sungen. Als einer der [&hellip;]<\/p>\n","protected":false},"author":1,"featured_media":0,"parent":0,"menu_order":0,"comment_status":"closed","ping_status":"closed","template":"","meta":{"footnotes":""},"class_list":["post-4070","page","type-page","status-publish","hentry"],"_links":{"self":[{"href":"https:\/\/www.yetkinbayer.com\/de\/wp-json\/wp\/v2\/pages\/4070","targetHints":{"allow":["GET"]}}],"collection":[{"href":"https:\/\/www.yetkinbayer.com\/de\/wp-json\/wp\/v2\/pages"}],"about":[{"href":"https:\/\/www.yetkinbayer.com\/de\/wp-json\/wp\/v2\/types\/page"}],"author":[{"embeddable":true,"href":"https:\/\/www.yetkinbayer.com\/de\/wp-json\/wp\/v2\/users\/1"}],"replies":[{"embeddable":true,"href":"https:\/\/www.yetkinbayer.com\/de\/wp-json\/wp\/v2\/comments?post=4070"}],"version-history":[{"count":5,"href":"https:\/\/www.yetkinbayer.com\/de\/wp-json\/wp\/v2\/pages\/4070\/revisions"}],"predecessor-version":[{"id":9485,"href":"https:\/\/www.yetkinbayer.com\/de\/wp-json\/wp\/v2\/pages\/4070\/revisions\/9485"}],"wp:attachment":[{"href":"https:\/\/www.yetkinbayer.com\/de\/wp-json\/wp\/v2\/media?parent=4070"}],"curies":[{"name":"wp","href":"https:\/\/api.w.org\/{rel}","templated":true}]}}