{"id":5982,"date":"2025-05-05T10:35:56","date_gmt":"2025-05-05T07:35:56","guid":{"rendered":"https:\/\/www.yetkinbayer.com\/?page_id=5982"},"modified":"2025-04-30T17:25:58","modified_gmt":"2025-04-30T14:25:58","slug":"berkin-gence","status":"publish","type":"page","link":"https:\/\/www.yetkinbayer.com\/da\/berkin-gence\/","title":{"rendered":"Dr.Berkin Gence"},"content":{"rendered":"<p><strong>Samlet antal \u00e5r i praksis: 6<\/strong><\/p>\n<p>Dr. Berkin Gence blev f\u00f8dt i 1994 i Istanbul, Tyrkiet. Han afsluttede sin prim\u00e6re, sekund\u00e6re og gymnasieuddannelse i Istanbul.<\/p>\n<p>Dr.Berkin dimitterede med succes fra Istanbul Medipol University Faculty of Medicine i 2019.<\/p>\n<p>Han arbejdede i beredskabet i flere \u00e5r.<br \/>\nHan l\u00e6rte forviklingerne ved h\u00e5rtransplantation og medicinsk \u00e6stetik og specialiserede sig i disse omr\u00e5der p\u00e5 Dr. Bayer Clinics under sin medicinske uddannelse. Ud over dette deltog han ogs\u00e5 i kongresser, seminarer og certifikatprogrammer vedr\u00f8rende b\u00e5de h\u00e5rtransplantationer og medicinsk \u00e6stetik. Ved at bruge sine erfaringer opdaterede han b\u00e5de sin viden og forbedrede sine medicinske f\u00e6rdigheder.<\/p>\n<p>Han f\u00f8lger n\u00f8je nye trends inden for sk\u00f8nhed og \u00e6stetik og anvender dem i sit arbejde.<\/p>\n","protected":false},"excerpt":{"rendered":"<p>Samlet antal \u00e5r i praksis: 6 Dr. Berkin Gence blev f\u00f8dt i 1994 i Istanbul, Tyrkiet. Han afsluttede sin prim\u00e6re, sekund\u00e6re og gymnasieuddannelse i Istanbul. Dr.Berkin dimitterede med succes fra Istanbul Medipol University Faculty of Medicine i 2019. Han arbejdede i beredskabet i flere \u00e5r. Han l\u00e6rte forviklingerne ved h\u00e5rtransplantation og medicinsk \u00e6stetik og specialiserede [&hellip;]<\/p>\n","protected":false},"author":1,"featured_media":1989,"parent":0,"menu_order":0,"comment_status":"closed","ping_status":"closed","template":"","meta":{"footnotes":""},"class_list":["post-5982","page","type-page","status-publish","has-post-thumbnail","hentry"],"_links":{"self":[{"href":"https:\/\/www.yetkinbayer.com\/da\/wp-json\/wp\/v2\/pages\/5982","targetHints":{"allow":["GET"]}}],"collection":[{"href":"https:\/\/www.yetkinbayer.com\/da\/wp-json\/wp\/v2\/pages"}],"about":[{"href":"https:\/\/www.yetkinbayer.com\/da\/wp-json\/wp\/v2\/types\/page"}],"author":[{"embeddable":true,"href":"https:\/\/www.yetkinbayer.com\/da\/wp-json\/wp\/v2\/users\/1"}],"replies":[{"embeddable":true,"href":"https:\/\/www.yetkinbayer.com\/da\/wp-json\/wp\/v2\/comments?post=5982"}],"version-history":[{"count":2,"href":"https:\/\/www.yetkinbayer.com\/da\/wp-json\/wp\/v2\/pages\/5982\/revisions"}],"predecessor-version":[{"id":5988,"href":"https:\/\/www.yetkinbayer.com\/da\/wp-json\/wp\/v2\/pages\/5982\/revisions\/5988"}],"wp:featuredmedia":[{"embeddable":true,"href":"https:\/\/www.yetkinbayer.com\/da\/wp-json\/wp\/v2\/media\/1989"}],"wp:attachment":[{"href":"https:\/\/www.yetkinbayer.com\/da\/wp-json\/wp\/v2\/media?parent=5982"}],"curies":[{"name":"wp","href":"https:\/\/api.w.org\/{rel}","templated":true}]}}