{"id":5978,"date":"2025-05-05T10:21:21","date_gmt":"2025-05-05T07:21:21","guid":{"rendered":"https:\/\/www.yetkinbayer.com\/about-us\/"},"modified":"2025-05-29T15:29:42","modified_gmt":"2025-05-29T12:29:42","slug":"om-os","status":"publish","type":"page","link":"https:\/\/www.yetkinbayer.com\/da\/om-os\/","title":{"rendered":"Om os"},"content":{"rendered":"<p><iframe loading=\"lazy\" title=\"Inside of a temple: a tour of hair transplantation clinic with Dr Bayer!\" src=\"https:\/\/www.youtube.com\/embed\/Sz5mG0qlt8U\" width=\"100%\" height=\"455\" frameborder=\"0\" allowfullscreen=\"allowfullscreen\"><span data-mce-type=\"bookmark\" style=\"display: inline-block; width: 0px; overflow: hidden; line-height: 0;\" class=\"mce_SELRES_start\">\ufeff<\/span><span data-mce-type=\"bookmark\" style=\"display: inline-block; width: 0px; overflow: hidden; line-height: 0;\" class=\"mce_SELRES_start\">\ufeff<\/span><span data-mce-type=\"bookmark\" style=\"display: inline-block; width: 0px; overflow: hidden; line-height: 0;\" class=\"mce_SELRES_start\">\ufeff<\/span><span data-mce-type=\"bookmark\" style=\"display: inline-block; width: 0px; overflow: hidden; line-height: 0;\" class=\"mce_SELRES_start\">\ufeff<\/span><span data-mce-type=\"bookmark\" style=\"display: inline-block; width: 0px; overflow: hidden; line-height: 0;\" class=\"mce_SELRES_start\">\ufeff<\/span><span data-mce-type=\"bookmark\" style=\"display: inline-block; width: 0px; overflow: hidden; line-height: 0;\" class=\"mce_SELRES_start\">\ufeff<\/span><\/iframe><\/p>\n<h2>Om os \u2013 Dr. Yetkin Bayer<\/h2>\n<p>I \u00e6stetisk kirurgi er det muligt at opn\u00e5 naturlige, permanente og personlige resultater, ikke kun gennem teknisk viden, men ogs\u00e5 gennem et kunstnerisk perspektiv. Dr. Yetkin Bayer har i mange \u00e5r tilbudt sikre, succesfulde og patientcentrerede \u00e6stetiske l\u00f8sninger med dette princip som fundament. Dr. Bayer er anerkendt som en af pionererne inden for h\u00e5rtransplantation og \u00e6stetisk kirurgi i Tyrkiet og er ofte omtalt b\u00e5de nationalt og internationalt for sine h\u00f8jstandardpraksisser.<\/p>\n<h2>Hvem er Dr. Yetkin Bayer?<\/h2>\n<p class=\"p1\">Dr. Yetkin Bayer afsluttede sin grundskole, gymnasium og videreg\u00e5ende uddannelse i Istanbul, hvorefter han fortsatte sine studier p\u00e5 Medicinsk Fakultet p\u00e5 Istanbul Universitet, hvor han blev l\u00e6ge. Efter at have afsluttet sin obligatoriske tjeneste i Afyon i to \u00e5r, flyttede han til USA.<\/p>\n<p class=\"p1\">Mens han boede i byer som Austin og Philadelphia i USA, udf\u00f8rte han forskning og deltog i workshops om <strong>h\u00e5rtransplantation og medicinsk \u00e6stetik<\/strong>.<\/p>\n<p class=\"p1\">I marts 1994 deltog han i <strong>International Hair Transplantation Surgery Symposium<\/strong>, der blev afholdt i Alabama (<em>International Symposium: Hair Transplantation Surgery-Mar&#8217;94<\/em>).<\/p>\n<h2><strong><img loading=\"lazy\" decoding=\"async\" class=\"alignleft wp-image-752\" src=\"https:\/\/www.yetkinbayer.com\/wp-content\/uploads\/2025\/05\/hakkimizda.png\" alt=\"\" width=\"300\" height=\"334\" \/><\/strong><\/h2>\n<p class=\"p1\">I de efterf\u00f8lgende \u00e5r arbejdede han sammen med plastikkirurg O\u011fuz Nevit Erg\u00fcn i Californien om at udf\u00f8re h\u00e5rtransplantationsoperationer og deltog i <strong>Global Hair Restoration Convention<\/strong> organiseret af American Academy of Cosmetic Surgery i Century City, Californien i januar 1995 (<em>American Academy of Cosmetic Surgery &#8211; 1st Global Hair Restoration Convention: Jan&#8217;95<\/em>) og deltog i flere seminarer og workshops.<\/p>\n<p class=\"p1\">I de 10 \u00e5r, han boede i USA, deltog Dr. Bayer i adskillige konferencer og medicinske tr\u00e6ningsseminarer om emner som mesoterapi, karboksiterapi, peeling, fyldstofbehandlinger, mikrodermabrasion, laserbehandlinger (laser h\u00e5rfjerning, tatovering fjernelse, kapill\u00e6rbehandlinger, hudfornyelse og pletbehandling) for at udvikle sine f\u00e6rdigheder inden for medicinsk \u00e6stetik.<\/p>\n<p class=\"p1\">Efter at v\u00e6re vendt tilbage til Tyrkiet modtog han <strong>Medikal Estetik Anvendelsescertifikat<\/strong> udstedt af Sundhedsministeriet. Han er ogs\u00e5 en certificeret <strong>akupunktur specialist<\/strong> godkendt af Sundhedsministeriet og en l\u00e6ge, der kan anvende bevidst hypnose teknikker.<\/p>\n<h3><strong>Uddannelse:<\/strong><\/h3>\n<ul>\n<li>Medicinsk Fakultet p\u00e5 Istanbul Universitet<\/li>\n<\/ul>\n<h3><strong>Certifikater:<\/strong><\/h3>\n<ul>\n<li>Certificeret Akupunktur Specialist godkendt af Sundhedsministeriet<\/li>\n<\/ul>\n<h2>International succes og tillid<\/h2>\n<p>Dr. Yetkin Bayer betjener ikke kun patienter fra Tyrkiet, men ogs\u00e5 fra hele verden. Hans evne til at tiltr\u00e6kke patienter fra Europa, Amerika og Mellem\u00f8sten skyldes hans h\u00f8je patienttilfredshed, transparente kommunikation og etiske tilgang. Dr. Bayer, der tilbyder sine patienter en omfattende service fra f\u00f8rste konsultation til postoperativ pleje og langvarig opf\u00f8lgning, anser det for et grundl\u00e6ggende princip at v\u00e6re sammen med dem p\u00e5 hver eneste trin af processen. Desuden er Dr. Bayer en aktiv taler p\u00e5 mange internationale platforme og har bidraget til \u00e6stetisk kirurgi-verdenen med sine videnskabelige artikler. Han betragtes som en af Tyrkiets stigende stjerner inden for medicinsk turisme.<\/p>\n<p><iframe loading=\"lazy\" title=\"Dr. Bayer Clinic | Hair Transplantation #shorts\" src=\"https:\/\/www.youtube.com\/embed\/RlVMxfcKF_A\" width=\"100%\" height=\"455\" frameborder=\"0\" allowfullscreen=\"allowfullscreen\"><span data-mce-type=\"bookmark\" style=\"display: inline-block; width: 0px; overflow: hidden; line-height: 0;\" class=\"mce_SELRES_start\">\ufeff<\/span><span data-mce-type=\"bookmark\" style=\"display: inline-block; width: 0px; overflow: hidden; line-height: 0;\" class=\"mce_SELRES_start\">\ufeff<\/span><\/iframe><\/p>\n<h2>Hvorfor v\u00e6lge Dr. Yetkin Bayer?<\/h2>\n<ul>\n<li>32 \u00e5rs erfaring inden for \u00e6stetisk kirurgi<\/li>\n<li>Personlige behandlingsplaner og naturlige resultater<\/li>\n<li>International patientportef\u00f8lje og h\u00f8j tilfredshedsgrad<\/li>\n<li>Avanceret teknologisk infrastruktur og hygiejnisk klinikmilj\u00f8<\/li>\n<li>Bidrag til \u00e6stetikverdenen med hans identitet som underviser<\/li>\n<li>Professionel r\u00e5dgivning fra f\u00f8rste konsultation til sidste opf\u00f8lgning<\/li>\n<\/ul>\n<h2>Vores mission og vision<\/h2>\n<p>Vores mission er at tilbyde hver patient den mest passende \u00e6stetiske l\u00f8sning, s\u00e5 de opn\u00e5r naturlige, sunde og tilfredsstillende resultater. Vi tilbyder vores tjenester med en tilgang, der er f\u00f8lsom over for de unikke behov hos hver enkelt person, uden at g\u00e5 p\u00e5 kompromis med de medicinske etiske principper. Vores vision er at g\u00f8re Tyrkiet til et globalt brand inden for \u00e6stetisk kirurgi og blive et internationalt anerkendt referencepunkt gennem banebrydende applikationer inden for dette omr\u00e5de.<\/p>\n","protected":false},"excerpt":{"rendered":"<p>\ufeff\ufeff\ufeff\ufeff\ufeff\ufeff Om os \u2013 Dr. Yetkin Bayer I \u00e6stetisk kirurgi er det muligt at opn\u00e5 naturlige, permanente og personlige resultater, ikke kun gennem teknisk viden, men ogs\u00e5 gennem et kunstnerisk perspektiv. Dr. Yetkin Bayer har i mange \u00e5r tilbudt sikre, succesfulde og patientcentrerede \u00e6stetiske l\u00f8sninger med dette princip som fundament. Dr. Bayer er anerkendt som [&hellip;]<\/p>\n","protected":false},"author":1,"featured_media":0,"parent":0,"menu_order":0,"comment_status":"closed","ping_status":"closed","template":"","meta":{"footnotes":""},"class_list":["post-5978","page","type-page","status-publish","hentry"],"_links":{"self":[{"href":"https:\/\/www.yetkinbayer.com\/da\/wp-json\/wp\/v2\/pages\/5978","targetHints":{"allow":["GET"]}}],"collection":[{"href":"https:\/\/www.yetkinbayer.com\/da\/wp-json\/wp\/v2\/pages"}],"about":[{"href":"https:\/\/www.yetkinbayer.com\/da\/wp-json\/wp\/v2\/types\/page"}],"author":[{"embeddable":true,"href":"https:\/\/www.yetkinbayer.com\/da\/wp-json\/wp\/v2\/users\/1"}],"replies":[{"embeddable":true,"href":"https:\/\/www.yetkinbayer.com\/da\/wp-json\/wp\/v2\/comments?post=5978"}],"version-history":[{"count":5,"href":"https:\/\/www.yetkinbayer.com\/da\/wp-json\/wp\/v2\/pages\/5978\/revisions"}],"predecessor-version":[{"id":9489,"href":"https:\/\/www.yetkinbayer.com\/da\/wp-json\/wp\/v2\/pages\/5978\/revisions\/9489"}],"wp:attachment":[{"href":"https:\/\/www.yetkinbayer.com\/da\/wp-json\/wp\/v2\/media?parent=5978"}],"curies":[{"name":"wp","href":"https:\/\/api.w.org\/{rel}","templated":true}]}}